




{"id":2275,"date":"2016-10-21T09:12:19","date_gmt":"2016-10-21T09:12:19","guid":{"rendered":"https:\/\/bokas.nodex.be\/ueber-uns\/"},"modified":"2026-04-29T14:10:07","modified_gmt":"2026-04-29T14:10:07","slug":"ueber-uns","status":"publish","type":"page","link":"https:\/\/bokas.nodex.be\/de\/ueber-uns\/","title":{"rendered":"\u00dcber uns"},"content":{"rendered":"<div class=\"wpb-content-wrapper\"><p>[vc_row el_class=&#8220;about_hero&#8220;][vc_column][vc_empty_space alter_height=&#8220;huge&#8220; hide_on_mobile=&#8220;&#8220;][\/vc_column][vc_column width=&#8220;1\/2&#8243;]<div id=\"sc_title_2140665002\"\n\t\tclass=\"sc_title sc_title_default  vc_custom_1777288522247\"><h6 class=\"sc_item_subtitle sc_title_subtitle sc_align_left sc_item_title_style_default\">\u00dcber Bokas Transfer<\/h6><h2 class=\"sc_item_title sc_title_title sc_align_left sc_item_title_style_default\">Privater Transport in Prag \u2013 und in ganz Europa.<\/h2><div class=\"sc_item_descr sc_title_descr sc_align_left\">Wir bieten private Fahrdienste in Prag an und fahren unsere G\u00e4ste auch zu beliebten Zielen in ganz Europa. Eine bequeme L\u00f6sung f\u00fcr Touristen, Familien, kleine Gruppen und Gesch\u00e4ftsreisen.<\/div><\/div><!-- \/.sc_title --><div class=\"sc_item_button sc_button_wrap sc_align_left\"><a href=\"\/booking-page\/\"\n\t id=\"sc_button_108003908\" \n\tclass=\"sc_button sc_button_default sc_button_size_normal sc_button_icon_left\"\n\t\t><span class=\"sc_button_text sc_align_center\"><span class=\"sc_button_title\">Buchung \u00fcbertragen \u2192<\/span><\/span><!-- \/.sc_button_text --><\/a><!-- \/.sc_button --><\/div><!-- \/.sc_item_button -->[\/vc_column][vc_column width=&#8220;1\/2&#8243;][vc_single_image image=&#8220;2176&#8243; img_size=&#8220;full&#8220;][\/vc_column][vc_column][vc_empty_space alter_height=&#8220;huge&#8220; hide_on_mobile=&#8220;&#8220;][\/vc_column][\/vc_row][vc_row full_width=&#8220;stretch_row&#8220; css=&#8220;.vc_custom_1777307647932{background-color: #f7f7f7 !important;background-position: center !important;background-repeat: no-repeat !important;background-size: cover !important;}&#8220;][vc_column][vc_empty_space alter_height=&#8220;huge&#8220; hide_on_mobile=&#8220;&#8220; css=&#8220;.vc_custom_1478093416638{margin-bottom: 1.6rem !important;}&#8220;]<div id=\"sc_title_1823726665\"\n\t\tclass=\"sc_title sc_title_default\"><h6 class=\"sc_item_subtitle sc_title_subtitle sc_align_center sc_item_title_style_default\">Was wir tun<\/h6><h2 class=\"sc_item_title sc_title_title sc_align_center sc_item_title_style_default\">Unsere wichtigsten Dienstleistungen<\/h2><div class=\"sc_item_descr sc_title_descr sc_align_center\">Drei Kernangebote, die die meisten Verbindungen zwischen Prag, dem Flughafen und anderen europ\u00e4ischen St\u00e4dten abdecken.<\/div><\/div><!-- \/.sc_title -->[vc_empty_space alter_height=&#8220;medium&#8220; hide_on_mobile=&#8220;&#8220;]<div id=\"services_block\" \n\tclass=\"sc_icons sc_icons_modern sc_icons_size_small sc_align_center\"><div class=\"sc_icons_columns sc_item_columns trx_addons_columns_wrap columns_padding_bottom\"><div class=\"trx_addons_column-1_3\"><div class=\"sc_icons_item\"><div id=\"services_block_icon-airport\" class=\"sc_icons_icon sc_icon_type_fontawesome icon-airport\"\n\t\t\t\t\t\t\t\t\t\t\t\t><span class=\"sc_icon_type_fontawesome icon-airport\"><\/span><\/div><h4 class=\"sc_icons_title\"><span> Flughafentransfer<\/span><\/h4><div class=\"sc_icons_description\"><span>Kommen Sie ganz entspannt an. Ihr Fahrer erwartet Sie in der Ankunftshalle mit einem Namensschild, verfolgt Ihren Flug in Echtzeit und bringt Sie direkt zu Ihrem Hotel oder Ihrer Ferienwohnung. Der R\u00fccktransfer zum Flughafen l\u00e4sst sich ebenso einfach buchen.<\/span><\/div><\/div><\/div><div class=\"trx_addons_column-1_3\"><div class=\"sc_icons_item\"><div id=\"services_block_icon-taxi-tours\" class=\"sc_icons_icon sc_icon_type_fontawesome icon-taxi-tours\"\n\t\t\t\t\t\t\t\t\t\t\t\t><span class=\"sc_icon_type_fontawesome icon-taxi-tours\"><\/span><\/div><h4 class=\"sc_icons_title\"><span>Private Tagesausfl\u00fcge ab Prag<\/span><\/h4><div class=\"sc_icons_description\"><span>Entdecken Sie Europa ganz nach Ihrem eigenen Zeitplan. Wir holen Sie in Prag ab, fahren Sie nach Wien, Dresden, Karlsbad oder ein anderes Ziel, warten, w\u00e4hrend Sie die Stadt erkunden, und bringen Sie wieder zur\u00fcck \u2013 keine Gruppenreisen, keine Eile.<\/span><\/div><\/div><\/div><div class=\"trx_addons_column-1_3\"><div class=\"sc_icons_item\"><div id=\"services_block_icon-timer\" class=\"sc_icons_icon sc_icon_type_fontawesome icon-timer\"\n\t\t\t\t\t\t\t\t\t\t\t\t><span class=\"sc_icon_type_fontawesome icon-timer\"><\/span><\/div><h4 class=\"sc_icons_title\"><span>Chauffeurservice auf Stundenbasis<\/span><\/h4><div class=\"sc_icons_description\"><span>Buchen Sie einen Fahrer auf Stundenbasis f\u00fcr Gesch\u00e4ftstermine, Einkaufsfahrten, Stadtrundfahrten oder Besorgungen mit mehreren Zwischenstopps. Sie legen die Route fest, wir sorgen daf\u00fcr, dass jeder Halt p\u00fcnktlich erfolgt.<\/span><\/div><\/div><\/div><\/div><\/div><!-- \/.sc_icons -->[vc_empty_space alter_height=&#8220;medium&#8220; hide_on_mobile=&#8220;&#8220; css=&#8220;.vc_custom_1478095475257{margin-bottom: 1.5rem !important;}&#8220;][\/vc_column][\/vc_row][vc_row full_width=&#8220;stretch_row&#8220; css=&#8220;.vc_custom_1478093033959{background-color: #f8f8f8 !important;}&#8220;][vc_column][vc_empty_space alter_height=&#8220;huge&#8220; hide_on_mobile=&#8220;&#8220;]<div id=\"sc_title_506845037\"\n\t\tclass=\"sc_title sc_title_default\"><h6 class=\"sc_item_subtitle sc_title_subtitle sc_align_center sc_item_title_style_default\">F\u00fcr wen wir fahren<\/h6><h2 class=\"sc_item_title sc_title_title sc_align_center sc_item_title_style_default\">Eine praktische L\u00f6sung f\u00fcr\u2026<\/h2><div class=\"sc_item_descr sc_title_descr sc_align_center\">Ganz gleich, ob Sie zum ersten Mal hier sind, mit Kindern unterwegs sind oder von einem Termin zum n\u00e4chsten eilen \u2013 unser Service basiert auf privaten Fahrten und zuverl\u00e4ssiger Kommunikation.<\/div><\/div><!-- \/.sc_title -->[vc_empty_space alter_height=&#8220;large&#8220; hide_on_mobile=&#8220;&#8220;]<div id=\"services_block\" \n\tclass=\"sc_icons sc_icons_modern sc_icons_size_small sc_align_center\"><div class=\"sc_icons_columns sc_item_columns trx_addons_columns_wrap columns_padding_bottom\"><div class=\"trx_addons_column-1_4\"><div class=\"sc_icons_item\"><h4 class=\"sc_icons_title\"><span>Touristen<\/span><\/h4><div class=\"sc_icons_description\"><span>Besucher, die zum ersten Mal in Prag sind.<\/span><\/div><\/div><\/div><div class=\"trx_addons_column-1_4\"><div class=\"sc_icons_item\"><h4 class=\"sc_icons_title\"><span>Familien<\/span><\/h4><div class=\"sc_icons_description\"><span>Auf Wunsch mit Kindern und Kindersitzen.<\/span><\/div><\/div><\/div><div class=\"trx_addons_column-1_4\"><div class=\"sc_icons_item\"><h4 class=\"sc_icons_title\"><span>Kleingruppen<\/span><\/h4><div class=\"sc_icons_description\"><span>Bis zu 8 Passagiere in einem Minivan.<\/span><\/div><\/div><\/div><div class=\"trx_addons_column-1_4\"><div class=\"sc_icons_item\"><h4 class=\"sc_icons_title\"><span>Gesch\u00e4ftsreisen<\/span><\/h4><div class=\"sc_icons_description\"><span>Mercedes E-Klasse und V-Klasse verf\u00fcgbar.<\/span><\/div><\/div><\/div><\/div><\/div><!-- \/.sc_icons -->[\/vc_column][\/vc_row][vc_row full_width=&#8220;stretch_row&#8220; css=&#8220;.vc_custom_1777110950190{margin-top: 50px !important;background-image: url(https:\/\/bokas.nodex.be\/wp-content\/uploads\/2016\/10\/background-10.jpg?id=237) !important;background-position: center !important;background-repeat: no-repeat !important;background-size: cover !important;}&#8220;][vc_column][vc_empty_space alter_height=&#8220;huge&#8220; hide_on_mobile=&#8220;&#8220;]<div class=\"sc_testimonials sc_testimonials_inverse\" data-slides-min-width=\"150\"\t\t>\n\t\t<h6 class=\"sc_item_subtitle sc_testimonials_subtitle sc_align_default sc_item_title_style_default\">Kunden \u00fcber uns<\/h6><h2 class=\"sc_item_title sc_testimonials_title sc_align_default sc_item_title_style_default\">Kundenstimmen<\/h2><div class=\"sc_testimonials_content sc_item_content\"><div class=\"sc_testimonials_item\">\n\t<div class=\"sc_testimonials_item_content\">\n<p>Reibungslose Buchung, klare Preisangaben, der Fahrer wartete genau dort, wo er es versprochen hatte. So sollte ein Flughafentransfer funktionieren.<\/p>\n<\/div>\n\t<div class=\"sc_testimonials_item_author\">\n\t\t\t\t<div class=\"sc_testimonials_item_author_data\">\n\t\t\t<h4 class=\"sc_testimonials_item_author_title\">David P, USA<\/h4>\n\t\t\t<!-- <div class=\"sc_testimonials_item_author_subtitle\"><\/div> -->\n\t\t<\/div>\n\t<\/div>\n<\/div>\n<\/div><\/div><!-- \/.sc_testimonials -->[vc_empty_space alter_height=&#8220;large&#8220; hide_on_mobile=&#8220;&#8220; css=&#8220;.vc_custom_1478187928187{margin-bottom: 0.35rem !important;}&#8220;][\/vc_column][\/vc_row]<\/p>\n<\/div>","protected":false},"excerpt":{"rendered":"<p>[vc_row el_class=&#8220;about_hero&#8220;][vc_column][vc_empty_space alter_height=&#8220;huge&#8220; hide_on_mobile=&#8220;&#8220;][\/vc_column][vc_column width=&#8220;1\/2&#8243;][\/vc_column][vc_column width=&#8220;1\/2&#8243;][vc_single_image image=&#8220;2176&#8243; img_size=&#8220;full&#8220;][\/vc_column][vc_column][vc_empty_space alter_height=&#8220;huge&#8220; hide_on_mobile=&#8220;&#8220;][\/vc_column][\/vc_row][vc_row full_width=&#8220;stretch_row&#8220; css=&#8220;.vc_custom_1777307647932{background-color: #f7f7f7 !important;background-position: center !important;background-repeat: no-repeat !important;background-size: cover !important;}&#8220;][vc_column][vc_empty_space alter_height=&#8220;huge&#8220; hide_on_mobile=&#8220;&#8220; css=&#8220;.vc_custom_1478093416638{margin-bottom: 1.6rem !important;}&#8220;][vc_empty_space alter_height=&#8220;medium&#8220; hide_on_mobile=&#8220;&#8220;][vc_empty_space alter_height=&#8220;medium&#8220; hide_on_mobile=&#8220;&#8220; css=&#8220;.vc_custom_1478095475257{margin-bottom: 1.5rem !important;}&#8220;][\/vc_column][\/vc_row][vc_row full_width=&#8220;stretch_row&#8220; css=&#8220;.vc_custom_1478093033959{background-color: #f8f8f8 !important;}&#8220;][vc_column][vc_empty_space alter_height=&#8220;huge&#8220; hide_on_mobile=&#8220;&#8220;][vc_empty_space alter_height=&#8220;large&#8220; hide_on_mobile=&#8220;&#8220;][\/vc_column][\/vc_row][vc_row full_width=&#8220;stretch_row&#8220; css=&#8220;.vc_custom_1777110950190{margin-top: 50px !important;background-image: url(https:\/\/bokas.nodex.be\/wp-content\/uploads\/2016\/10\/background-10.jpg?id=237) !important;background-position: center !important;background-repeat: no-repeat !important;background-size: cover !important;}&#8220;][vc_column][vc_empty_space alter_height=&#8220;huge&#8220; hide_on_mobile=&#8220;&#8220;][vc_empty_space alter_height=&#8220;large&#8220; hide_on_mobile=&#8220;&#8220; css=&#8220;.vc_custom_1478187928187{margin-bottom: 0.35rem !important;}&#8220;][\/vc_column][\/vc_row]<\/p>\n","protected":false},"author":1,"featured_media":0,"parent":0,"menu_order":0,"comment_status":"closed","ping_status":"closed","template":"","meta":{"footnotes":""},"class_list":["post-2275","page","type-page","status-publish","hentry"],"yoast_head":"<!-- This site is optimized with the Yoast SEO plugin v27.4 - https:\/\/yoast.com\/product\/yoast-seo-wordpress\/ -->\n<title>\u00dcber uns - Bokastransfer<\/title>\n<meta name=\"robots\" content=\"index, follow, max-snippet:-1, max-image-preview:large, max-video-preview:-1\" \/>\n<link rel=\"canonical\" href=\"https:\/\/bokas.nodex.be\/de\/ueber-uns\/\" \/>\n<meta property=\"og:locale\" content=\"de_DE\" \/>\n<meta property=\"og:type\" content=\"article\" \/>\n<meta property=\"og:title\" content=\"\u00dcber uns - Bokastransfer\" \/>\n<meta property=\"og:description\" content=\"[vc_row el_class=&#8220;about_hero&#8220;][vc_column][vc_empty_space alter_height=&#8220;huge&#8220; hide_on_mobile=&#8220;&#8220;][\/vc_column][vc_column width=&#8220;1\/2&#8243;][\/vc_column][vc_column width=&#8220;1\/2&#8243;][vc_single_image image=&#8220;2176&#8243; img_size=&#8220;full&#8220;][\/vc_column][vc_column][vc_empty_space alter_height=&#8220;huge&#8220; hide_on_mobile=&#8220;&#8220;][\/vc_column][\/vc_row][vc_row full_width=&#8220;stretch_row&#8220; css=&#8220;.vc_custom_1777307647932{background-color: #f7f7f7 !important;background-position: center !important;background-repeat: no-repeat !important;background-size: cover !important;}&#8220;][vc_column][vc_empty_space alter_height=&#8220;huge&#8220; hide_on_mobile=&#8220;&#8220; css=&#8220;.vc_custom_1478093416638{margin-bottom: 1.6rem !important;}&#8220;][vc_empty_space alter_height=&#8220;medium&#8220; hide_on_mobile=&#8220;&#8220;][vc_empty_space alter_height=&#8220;medium&#8220; hide_on_mobile=&#8220;&#8220; css=&#8220;.vc_custom_1478095475257{margin-bottom: 1.5rem !important;}&#8220;][\/vc_column][\/vc_row][vc_row full_width=&#8220;stretch_row&#8220; css=&#8220;.vc_custom_1478093033959{background-color: #f8f8f8 !important;}&#8220;][vc_column][vc_empty_space alter_height=&#8220;huge&#8220; hide_on_mobile=&#8220;&#8220;][vc_empty_space alter_height=&#8220;large&#8220; hide_on_mobile=&#8220;&#8220;][\/vc_column][\/vc_row][vc_row full_width=&#8220;stretch_row&#8220; css=&#8220;.vc_custom_1777110950190{margin-top: 50px !important;background-image: url(https:\/\/bokas.nodex.be\/wp-content\/uploads\/2016\/10\/background-10.jpg?id=237) !important;background-position: center !important;background-repeat: no-repeat !important;background-size: cover !important;}&#8220;][vc_column][vc_empty_space alter_height=&#8220;huge&#8220; hide_on_mobile=&#8220;&#8220;][vc_empty_space alter_height=&#8220;large&#8220; hide_on_mobile=&#8220;&#8220; css=&#8220;.vc_custom_1478187928187{margin-bottom: 0.35rem !important;}&#8220;][\/vc_column][\/vc_row]\" \/>\n<meta property=\"og:url\" content=\"https:\/\/bokas.nodex.be\/de\/ueber-uns\/\" \/>\n<meta property=\"og:site_name\" content=\"Bokastransfer\" \/>\n<meta property=\"article:modified_time\" content=\"2026-04-29T14:10:07+00:00\" \/>\n<meta name=\"twitter:card\" content=\"summary_large_image\" \/>\n<meta name=\"twitter:label1\" content=\"Gesch\u00e4tzte Lesezeit\" \/>\n\t<meta name=\"twitter:data1\" content=\"2\u00a0Minuten\" \/>\n<script type=\"application\/ld+json\" class=\"yoast-schema-graph\">{\"@context\":\"https:\\\/\\\/schema.org\",\"@graph\":[{\"@type\":\"WebPage\",\"@id\":\"https:\\\/\\\/bokas.nodex.be\\\/de\\\/ueber-uns\\\/\",\"url\":\"https:\\\/\\\/bokas.nodex.be\\\/de\\\/ueber-uns\\\/\",\"name\":\"\u00dcber uns - Bokastransfer\",\"isPartOf\":{\"@id\":\"https:\\\/\\\/bokas.nodex.be\\\/de\\\/#website\"},\"datePublished\":\"2016-10-21T09:12:19+00:00\",\"dateModified\":\"2026-04-29T14:10:07+00:00\",\"breadcrumb\":{\"@id\":\"https:\\\/\\\/bokas.nodex.be\\\/de\\\/ueber-uns\\\/#breadcrumb\"},\"inLanguage\":\"de\",\"potentialAction\":[{\"@type\":\"ReadAction\",\"target\":[\"https:\\\/\\\/bokas.nodex.be\\\/de\\\/ueber-uns\\\/\"]}]},{\"@type\":\"BreadcrumbList\",\"@id\":\"https:\\\/\\\/bokas.nodex.be\\\/de\\\/ueber-uns\\\/#breadcrumb\",\"itemListElement\":[{\"@type\":\"ListItem\",\"position\":1,\"name\":\"Home\",\"item\":\"https:\\\/\\\/bokas.nodex.be\\\/de\\\/\"},{\"@type\":\"ListItem\",\"position\":2,\"name\":\"\u00dcber uns\"}]},{\"@type\":\"WebSite\",\"@id\":\"https:\\\/\\\/bokas.nodex.be\\\/de\\\/#website\",\"url\":\"https:\\\/\\\/bokas.nodex.be\\\/de\\\/\",\"name\":\"Bokastransfer\",\"description\":\"Taxi Service\",\"publisher\":{\"@id\":\"https:\\\/\\\/bokas.nodex.be\\\/de\\\/#organization\"},\"potentialAction\":[{\"@type\":\"SearchAction\",\"target\":{\"@type\":\"EntryPoint\",\"urlTemplate\":\"https:\\\/\\\/bokas.nodex.be\\\/de\\\/?s={search_term_string}\"},\"query-input\":{\"@type\":\"PropertyValueSpecification\",\"valueRequired\":true,\"valueName\":\"search_term_string\"}}],\"inLanguage\":\"de\"},{\"@type\":\"Organization\",\"@id\":\"https:\\\/\\\/bokas.nodex.be\\\/de\\\/#organization\",\"name\":\"Bokastransfer\",\"url\":\"https:\\\/\\\/bokas.nodex.be\\\/de\\\/\",\"logo\":{\"@type\":\"ImageObject\",\"inLanguage\":\"de\",\"@id\":\"https:\\\/\\\/bokas.nodex.be\\\/de\\\/#\\\/schema\\\/logo\\\/image\\\/\",\"url\":\"https:\\\/\\\/bokas.nodex.be\\\/wp-content\\\/uploads\\\/2026\\\/04\\\/2-3.png\",\"contentUrl\":\"https:\\\/\\\/bokas.nodex.be\\\/wp-content\\\/uploads\\\/2026\\\/04\\\/2-3.png\",\"width\":2000,\"height\":2000,\"caption\":\"Bokastransfer\"},\"image\":{\"@id\":\"https:\\\/\\\/bokas.nodex.be\\\/de\\\/#\\\/schema\\\/logo\\\/image\\\/\"}}]}<\/script>\n<!-- \/ Yoast SEO plugin. -->","yoast_head_json":{"title":"\u00dcber uns - Bokastransfer","robots":{"index":"index","follow":"follow","max-snippet":"max-snippet:-1","max-image-preview":"max-image-preview:large","max-video-preview":"max-video-preview:-1"},"canonical":"https:\/\/bokas.nodex.be\/de\/ueber-uns\/","og_locale":"de_DE","og_type":"article","og_title":"\u00dcber uns - Bokastransfer","og_description":"[vc_row el_class=&#8220;about_hero&#8220;][vc_column][vc_empty_space alter_height=&#8220;huge&#8220; hide_on_mobile=&#8220;&#8220;][\/vc_column][vc_column width=&#8220;1\/2&#8243;][\/vc_column][vc_column width=&#8220;1\/2&#8243;][vc_single_image image=&#8220;2176&#8243; img_size=&#8220;full&#8220;][\/vc_column][vc_column][vc_empty_space alter_height=&#8220;huge&#8220; hide_on_mobile=&#8220;&#8220;][\/vc_column][\/vc_row][vc_row full_width=&#8220;stretch_row&#8220; css=&#8220;.vc_custom_1777307647932{background-color: #f7f7f7 !important;background-position: center !important;background-repeat: no-repeat !important;background-size: cover !important;}&#8220;][vc_column][vc_empty_space alter_height=&#8220;huge&#8220; hide_on_mobile=&#8220;&#8220; css=&#8220;.vc_custom_1478093416638{margin-bottom: 1.6rem !important;}&#8220;][vc_empty_space alter_height=&#8220;medium&#8220; hide_on_mobile=&#8220;&#8220;][vc_empty_space alter_height=&#8220;medium&#8220; hide_on_mobile=&#8220;&#8220; css=&#8220;.vc_custom_1478095475257{margin-bottom: 1.5rem !important;}&#8220;][\/vc_column][\/vc_row][vc_row full_width=&#8220;stretch_row&#8220; css=&#8220;.vc_custom_1478093033959{background-color: #f8f8f8 !important;}&#8220;][vc_column][vc_empty_space alter_height=&#8220;huge&#8220; hide_on_mobile=&#8220;&#8220;][vc_empty_space alter_height=&#8220;large&#8220; hide_on_mobile=&#8220;&#8220;][\/vc_column][\/vc_row][vc_row full_width=&#8220;stretch_row&#8220; css=&#8220;.vc_custom_1777110950190{margin-top: 50px !important;background-image: url(https:\/\/bokas.nodex.be\/wp-content\/uploads\/2016\/10\/background-10.jpg?id=237) !important;background-position: center !important;background-repeat: no-repeat !important;background-size: cover !important;}&#8220;][vc_column][vc_empty_space alter_height=&#8220;huge&#8220; hide_on_mobile=&#8220;&#8220;][vc_empty_space alter_height=&#8220;large&#8220; hide_on_mobile=&#8220;&#8220; css=&#8220;.vc_custom_1478187928187{margin-bottom: 0.35rem !important;}&#8220;][\/vc_column][\/vc_row]","og_url":"https:\/\/bokas.nodex.be\/de\/ueber-uns\/","og_site_name":"Bokastransfer","article_modified_time":"2026-04-29T14:10:07+00:00","twitter_card":"summary_large_image","twitter_misc":{"Gesch\u00e4tzte Lesezeit":"2\u00a0Minuten"},"schema":{"@context":"https:\/\/schema.org","@graph":[{"@type":"WebPage","@id":"https:\/\/bokas.nodex.be\/de\/ueber-uns\/","url":"https:\/\/bokas.nodex.be\/de\/ueber-uns\/","name":"\u00dcber uns - Bokastransfer","isPartOf":{"@id":"https:\/\/bokas.nodex.be\/de\/#website"},"datePublished":"2016-10-21T09:12:19+00:00","dateModified":"2026-04-29T14:10:07+00:00","breadcrumb":{"@id":"https:\/\/bokas.nodex.be\/de\/ueber-uns\/#breadcrumb"},"inLanguage":"de","potentialAction":[{"@type":"ReadAction","target":["https:\/\/bokas.nodex.be\/de\/ueber-uns\/"]}]},{"@type":"BreadcrumbList","@id":"https:\/\/bokas.nodex.be\/de\/ueber-uns\/#breadcrumb","itemListElement":[{"@type":"ListItem","position":1,"name":"Home","item":"https:\/\/bokas.nodex.be\/de\/"},{"@type":"ListItem","position":2,"name":"\u00dcber uns"}]},{"@type":"WebSite","@id":"https:\/\/bokas.nodex.be\/de\/#website","url":"https:\/\/bokas.nodex.be\/de\/","name":"Bokastransfer","description":"Taxi Service","publisher":{"@id":"https:\/\/bokas.nodex.be\/de\/#organization"},"potentialAction":[{"@type":"SearchAction","target":{"@type":"EntryPoint","urlTemplate":"https:\/\/bokas.nodex.be\/de\/?s={search_term_string}"},"query-input":{"@type":"PropertyValueSpecification","valueRequired":true,"valueName":"search_term_string"}}],"inLanguage":"de"},{"@type":"Organization","@id":"https:\/\/bokas.nodex.be\/de\/#organization","name":"Bokastransfer","url":"https:\/\/bokas.nodex.be\/de\/","logo":{"@type":"ImageObject","inLanguage":"de","@id":"https:\/\/bokas.nodex.be\/de\/#\/schema\/logo\/image\/","url":"https:\/\/bokas.nodex.be\/wp-content\/uploads\/2026\/04\/2-3.png","contentUrl":"https:\/\/bokas.nodex.be\/wp-content\/uploads\/2026\/04\/2-3.png","width":2000,"height":2000,"caption":"Bokastransfer"},"image":{"@id":"https:\/\/bokas.nodex.be\/de\/#\/schema\/logo\/image\/"}}]}},"_links":{"self":[{"href":"https:\/\/bokas.nodex.be\/de\/wp-json\/wp\/v2\/pages\/2275","targetHints":{"allow":["GET"]}}],"collection":[{"href":"https:\/\/bokas.nodex.be\/de\/wp-json\/wp\/v2\/pages"}],"about":[{"href":"https:\/\/bokas.nodex.be\/de\/wp-json\/wp\/v2\/types\/page"}],"author":[{"embeddable":true,"href":"https:\/\/bokas.nodex.be\/de\/wp-json\/wp\/v2\/users\/1"}],"replies":[{"embeddable":true,"href":"https:\/\/bokas.nodex.be\/de\/wp-json\/wp\/v2\/comments?post=2275"}],"version-history":[{"count":2,"href":"https:\/\/bokas.nodex.be\/de\/wp-json\/wp\/v2\/pages\/2275\/revisions"}],"predecessor-version":[{"id":2277,"href":"https:\/\/bokas.nodex.be\/de\/wp-json\/wp\/v2\/pages\/2275\/revisions\/2277"}],"wp:attachment":[{"href":"https:\/\/bokas.nodex.be\/de\/wp-json\/wp\/v2\/media?parent=2275"}],"curies":[{"name":"wp","href":"https:\/\/api.w.org\/{rel}","templated":true}]}}