




{"id":2281,"date":"2016-10-21T09:12:19","date_gmt":"2016-10-21T09:12:19","guid":{"rendered":"https:\/\/bokas.nodex.be\/quienes-somos\/"},"modified":"2026-04-29T14:18:42","modified_gmt":"2026-04-29T14:18:42","slug":"quienes-somos","status":"publish","type":"page","link":"https:\/\/bokas.nodex.be\/es\/quienes-somos\/","title":{"rendered":"Qui\u00e9nes somos"},"content":{"rendered":"<div class=\"wpb-content-wrapper\"><p>[vc_row el_class=\u00bbabout_hero\u00bb][vc_column][vc_empty_space alter_height=\u00bbhuge\u00bb hide_on_mobile=\u00bb\u00bb][\/vc_column][vc_column width=\u00bb1\/2&#8243;]<div id=\"sc_title_662771269\"\n\t\tclass=\"sc_title sc_title_default  vc_custom_1777288522247\"><h6 class=\"sc_item_subtitle sc_title_subtitle sc_align_left sc_item_title_style_default\">Acerca de Bokas Transfer<\/h6><h2 class=\"sc_item_title sc_title_title sc_align_left sc_item_title_style_default\">Transporte privado en Praga y en toda Europa.<\/h2><div class=\"sc_item_descr sc_title_descr sc_align_left\">Ofrecemos servicios de transporte privado en Praga y tambi\u00e9n llevamos a nuestros clientes a destinos populares de toda Europa. Una soluci\u00f3n pr\u00e1ctica para turistas, familias, grupos reducidos y viajes de negocios.<\/div><\/div><!-- \/.sc_title --><div class=\"sc_item_button sc_button_wrap sc_align_left\"><a href=\"\/booking-page\/\"\n\t id=\"sc_button_905747036\" \n\tclass=\"sc_button sc_button_default sc_button_size_normal sc_button_icon_left\"\n\t\t><span class=\"sc_button_text sc_align_center\"><span class=\"sc_button_title\">Transferencia de libros \u2192<\/span><\/span><!-- \/.sc_button_text --><\/a><!-- \/.sc_button --><\/div><!-- \/.sc_item_button -->[\/vc_column][vc_column width=\u00bb1\/2&#8243;][vc_single_image image=\u00bb2176&#8243; img_size=\u00bbfull\u00bb][\/vc_column][vc_column][vc_empty_space alter_height=\u00bbhuge\u00bb hide_on_mobile=\u00bb\u00bb][\/vc_column][\/vc_row][vc_row full_width=\u00bbstretch_row\u00bb css=\u00bb.vc_custom_1777307647932{background-color: #f7f7f7 !important;background-position: center !important;background-repeat: no-repeat !important;background-size: cover !important;}\u00bb][vc_column][vc_empty_space alter_height=\u00bbhuge\u00bb hide_on_mobile=\u00bb\u00bb css=\u00bb.vc_custom_1478093416638{margin-bottom: 1.6rem !important;}\u00bb]<div id=\"sc_title_323476150\"\n\t\tclass=\"sc_title sc_title_default\"><h6 class=\"sc_item_subtitle sc_title_subtitle sc_align_center sc_item_title_style_default\">Qu\u00e9 hacemos<\/h6><h2 class=\"sc_item_title sc_title_title sc_align_center sc_item_title_style_default\">Nuestros principales servicios<\/h2><div class=\"sc_item_descr sc_title_descr sc_align_center\">Tres servicios principales que cubren la mayor\u00eda de las opciones para desplazarse entre Praga, el aeropuerto y otras ciudades europeas.<\/div><\/div><!-- \/.sc_title -->[vc_empty_space alter_height=\u00bbmedium\u00bb hide_on_mobile=\u00bb\u00bb]<div id=\"services_block\" \n\tclass=\"sc_icons sc_icons_modern sc_icons_size_small sc_align_center\"><div class=\"sc_icons_columns sc_item_columns trx_addons_columns_wrap columns_padding_bottom\"><div class=\"trx_addons_column-1_3\"><div class=\"sc_icons_item\"><div id=\"services_block_icon-airport\" class=\"sc_icons_icon sc_icon_type_fontawesome icon-airport\"\n\t\t\t\t\t\t\t\t\t\t\t\t><span class=\"sc_icon_type_fontawesome icon-airport\"><\/span><\/div><h4 class=\"sc_icons_title\"><span> Traslado al aeropuerto<\/span><\/h4><div class=\"sc_icons_description\"><span>Llega sin estr\u00e9s. Tu conductor te esperar\u00e1 en la terminal de llegadas con un cartel con tu nombre, seguir\u00e1 tu vuelo en tiempo real y te llevar\u00e1 directamente a tu hotel o apartamento. Los traslados de vuelta al aeropuerto son igual de f\u00e1ciles de reservar.<\/span><\/div><\/div><\/div><div class=\"trx_addons_column-1_3\"><div class=\"sc_icons_item\"><div id=\"services_block_icon-taxi-tours\" class=\"sc_icons_icon sc_icon_type_fontawesome icon-taxi-tours\"\n\t\t\t\t\t\t\t\t\t\t\t\t><span class=\"sc_icon_type_fontawesome icon-taxi-tours\"><\/span><\/div><h4 class=\"sc_icons_title\"><span>Excursiones privadas de un d\u00eda desde Praga<\/span><\/h4><div class=\"sc_icons_description\"><span>Explora Europa a tu propio ritmo. Te recogeremos en Praga, te llevaremos a Viena, Dresde, Karlovy Vary o cualquier otro destino, esperaremos mientras disfrutas de la ciudad y te traeremos de vuelta \u2014sin excursiones en grupo, sin prisas.<\/span><\/div><\/div><\/div><div class=\"trx_addons_column-1_3\"><div class=\"sc_icons_item\"><div id=\"services_block_icon-timer\" class=\"sc_icons_icon sc_icon_type_fontawesome icon-timer\"\n\t\t\t\t\t\t\t\t\t\t\t\t><span class=\"sc_icon_type_fontawesome icon-timer\"><\/span><\/div><h4 class=\"sc_icons_title\"><span>Servicio de ch\u00f3fer por horas<\/span><\/h4><div class=\"sc_icons_description\"><span>Contrata a un conductor por horas para reuniones de negocios, ir de compras, hacer recorridos por la ciudad o realizar recados con varias paradas. T\u00fa decides la ruta y nosotros nos aseguramos de que lleguemos a tiempo a cada parada.<\/span><\/div><\/div><\/div><\/div><\/div><!-- \/.sc_icons -->[vc_empty_space alter_height=\u00bbmedium\u00bb hide_on_mobile=\u00bb\u00bb css=\u00bb.vc_custom_1478095475257{margin-bottom: 1.5rem !important;}\u00bb][\/vc_column][\/vc_row][vc_row full_width=\u00bbstretch_row\u00bb css=\u00bb.vc_custom_1478093033959{background-color: #f8f8f8 !important;}\u00bb][vc_column][vc_empty_space alter_height=\u00bbhuge\u00bb hide_on_mobile=\u00bb\u00bb]<div id=\"sc_title_272242402\"\n\t\tclass=\"sc_title sc_title_default\"><h6 class=\"sc_item_subtitle sc_title_subtitle sc_align_center sc_item_title_style_default\">A qui\u00e9nes llevamos<\/h6><h2 class=\"sc_item_title sc_title_title sc_align_center sc_item_title_style_default\">Una soluci\u00f3n pr\u00e1ctica para\u2026<\/h2><div class=\"sc_item_descr sc_title_descr sc_align_center\">Tanto si vienes por primera vez, como si viajas con ni\u00f1os o vas de reuni\u00f3n en reuni\u00f3n, nuestro servicio se basa en traslados privados y una comunicaci\u00f3n fiable.<\/div><\/div><!-- \/.sc_title -->[vc_empty_space alter_height=\u00bblarge\u00bb hide_on_mobile=\u00bb\u00bb]<div id=\"services_block\" \n\tclass=\"sc_icons sc_icons_modern sc_icons_size_small sc_align_center\"><div class=\"sc_icons_columns sc_item_columns trx_addons_columns_wrap columns_padding_bottom\"><div class=\"trx_addons_column-1_4\"><div class=\"sc_icons_item\"><h4 class=\"sc_icons_title\"><span>Turistas<\/span><\/h4><div class=\"sc_icons_description\"><span>Quienes visitan Praga por primera vez.<\/span><\/div><\/div><\/div><div class=\"trx_addons_column-1_4\"><div class=\"sc_icons_item\"><h4 class=\"sc_icons_title\"><span>Familias<\/span><\/h4><div class=\"sc_icons_description\"><span>Con ni\u00f1os y sillas infantiles bajo petici\u00f3n.<\/span><\/div><\/div><\/div><div class=\"trx_addons_column-1_4\"><div class=\"sc_icons_item\"><h4 class=\"sc_icons_title\"><span>Grupos reducidos<\/span><\/h4><div class=\"sc_icons_description\"><span>Hasta 8 pasajeros en una furgoneta.<\/span><\/div><\/div><\/div><div class=\"trx_addons_column-1_4\"><div class=\"sc_icons_item\"><h4 class=\"sc_icons_title\"><span>Viajes de negocios<\/span><\/h4><div class=\"sc_icons_description\"><span>Disponibles los modelos Mercedes Clase E y Clase V.<\/span><\/div><\/div><\/div><\/div><\/div><!-- \/.sc_icons -->[\/vc_column][\/vc_row][vc_row full_width=\u00bbstretch_row\u00bb css=\u00bb.vc_custom_1777110950190{margin-top: 50px !important;background-image: url(https:\/\/bokas.nodex.be\/wp-content\/uploads\/2016\/10\/background-10.jpg?id=237) !important;background-position: center !important;background-repeat: no-repeat !important;background-size: cover !important;}\u00bb][vc_column][vc_empty_space alter_height=\u00bbhuge\u00bb hide_on_mobile=\u00bb\u00bb]<div class=\"sc_testimonials sc_testimonials_inverse\" data-slides-min-width=\"150\"\t\t>\n\t\t<h6 class=\"sc_item_subtitle sc_testimonials_subtitle sc_align_default sc_item_title_style_default\">Opiniones de nuestros clientes<\/h6><h2 class=\"sc_item_title sc_testimonials_title sc_align_default sc_item_title_style_default\">Testimonials<\/h2><div class=\"sc_testimonials_content sc_item_content\"><div class=\"sc_testimonials_item\">\n\t<div class=\"sc_testimonials_item_content\">\n<p>Reserva sin complicaciones, precio claro, el conductor esperando exactamente donde hab\u00eda dicho. As\u00ed es como deber\u00edan funcionar los traslados al aeropuerto. <\/p>\n<\/div>\n\t<div class=\"sc_testimonials_item_author\">\n\t\t\t\t<div class=\"sc_testimonials_item_author_data\">\n\t\t\t<h4 class=\"sc_testimonials_item_author_title\">David P, EE. UU.<\/h4>\n\t\t\t<!-- <div class=\"sc_testimonials_item_author_subtitle\"><\/div> -->\n\t\t<\/div>\n\t<\/div>\n<\/div>\n<\/div><\/div><!-- \/.sc_testimonials -->[vc_empty_space alter_height=\u00bblarge\u00bb hide_on_mobile=\u00bb\u00bb css=\u00bb.vc_custom_1478187928187{margin-bottom: 0.35rem !important;}\u00bb][\/vc_column][\/vc_row]<\/p>\n<\/div>","protected":false},"excerpt":{"rendered":"<p>[vc_row el_class=\u00bbabout_hero\u00bb][vc_column][vc_empty_space alter_height=\u00bbhuge\u00bb hide_on_mobile=\u00bb\u00bb][\/vc_column][vc_column width=\u00bb1\/2&#8243;][\/vc_column][vc_column width=\u00bb1\/2&#8243;][vc_single_image image=\u00bb2176&#8243; img_size=\u00bbfull\u00bb][\/vc_column][vc_column][vc_empty_space alter_height=\u00bbhuge\u00bb hide_on_mobile=\u00bb\u00bb][\/vc_column][\/vc_row][vc_row full_width=\u00bbstretch_row\u00bb css=\u00bb.vc_custom_1777307647932{background-color: #f7f7f7 !important;background-position: center !important;background-repeat: no-repeat !important;background-size: cover !important;}\u00bb][vc_column][vc_empty_space alter_height=\u00bbhuge\u00bb hide_on_mobile=\u00bb\u00bb css=\u00bb.vc_custom_1478093416638{margin-bottom: 1.6rem !important;}\u00bb][vc_empty_space alter_height=\u00bbmedium\u00bb hide_on_mobile=\u00bb\u00bb][vc_empty_space alter_height=\u00bbmedium\u00bb hide_on_mobile=\u00bb\u00bb css=\u00bb.vc_custom_1478095475257{margin-bottom: 1.5rem !important;}\u00bb][\/vc_column][\/vc_row][vc_row full_width=\u00bbstretch_row\u00bb css=\u00bb.vc_custom_1478093033959{background-color: #f8f8f8 !important;}\u00bb][vc_column][vc_empty_space alter_height=\u00bbhuge\u00bb hide_on_mobile=\u00bb\u00bb][vc_empty_space alter_height=\u00bblarge\u00bb hide_on_mobile=\u00bb\u00bb][\/vc_column][\/vc_row][vc_row full_width=\u00bbstretch_row\u00bb css=\u00bb.vc_custom_1777110950190{margin-top: 50px !important;background-image: url(https:\/\/bokas.nodex.be\/wp-content\/uploads\/2016\/10\/background-10.jpg?id=237) !important;background-position: center !important;background-repeat: no-repeat !important;background-size: cover !important;}\u00bb][vc_column][vc_empty_space alter_height=\u00bbhuge\u00bb hide_on_mobile=\u00bb\u00bb][vc_empty_space alter_height=\u00bblarge\u00bb hide_on_mobile=\u00bb\u00bb css=\u00bb.vc_custom_1478187928187{margin-bottom: 0.35rem !important;}\u00bb][\/vc_column][\/vc_row]<\/p>\n","protected":false},"author":1,"featured_media":0,"parent":0,"menu_order":0,"comment_status":"closed","ping_status":"closed","template":"","meta":{"footnotes":""},"class_list":["post-2281","page","type-page","status-publish","hentry"],"yoast_head":"<!-- This site is optimized with the Yoast SEO plugin v27.4 - https:\/\/yoast.com\/product\/yoast-seo-wordpress\/ -->\n<title>Qui\u00e9nes somos - Bokastransfer<\/title>\n<meta name=\"robots\" content=\"index, follow, max-snippet:-1, max-image-preview:large, max-video-preview:-1\" \/>\n<link rel=\"canonical\" href=\"https:\/\/bokas.nodex.be\/es\/quienes-somos\/\" \/>\n<meta property=\"og:locale\" content=\"es_ES\" \/>\n<meta property=\"og:type\" content=\"article\" \/>\n<meta property=\"og:title\" content=\"Qui\u00e9nes somos - Bokastransfer\" \/>\n<meta property=\"og:description\" content=\"[vc_row el_class=\u00bbabout_hero\u00bb][vc_column][vc_empty_space alter_height=\u00bbhuge\u00bb hide_on_mobile=\u00bb\u00bb][\/vc_column][vc_column width=\u00bb1\/2&#8243;][\/vc_column][vc_column width=\u00bb1\/2&#8243;][vc_single_image image=\u00bb2176&#8243; img_size=\u00bbfull\u00bb][\/vc_column][vc_column][vc_empty_space alter_height=\u00bbhuge\u00bb hide_on_mobile=\u00bb\u00bb][\/vc_column][\/vc_row][vc_row full_width=\u00bbstretch_row\u00bb css=\u00bb.vc_custom_1777307647932{background-color: #f7f7f7 !important;background-position: center !important;background-repeat: no-repeat !important;background-size: cover !important;}\u00bb][vc_column][vc_empty_space alter_height=\u00bbhuge\u00bb hide_on_mobile=\u00bb\u00bb css=\u00bb.vc_custom_1478093416638{margin-bottom: 1.6rem !important;}\u00bb][vc_empty_space alter_height=\u00bbmedium\u00bb hide_on_mobile=\u00bb\u00bb][vc_empty_space alter_height=\u00bbmedium\u00bb hide_on_mobile=\u00bb\u00bb css=\u00bb.vc_custom_1478095475257{margin-bottom: 1.5rem !important;}\u00bb][\/vc_column][\/vc_row][vc_row full_width=\u00bbstretch_row\u00bb css=\u00bb.vc_custom_1478093033959{background-color: #f8f8f8 !important;}\u00bb][vc_column][vc_empty_space alter_height=\u00bbhuge\u00bb hide_on_mobile=\u00bb\u00bb][vc_empty_space alter_height=\u00bblarge\u00bb hide_on_mobile=\u00bb\u00bb][\/vc_column][\/vc_row][vc_row full_width=\u00bbstretch_row\u00bb css=\u00bb.vc_custom_1777110950190{margin-top: 50px !important;background-image: url(https:\/\/bokas.nodex.be\/wp-content\/uploads\/2016\/10\/background-10.jpg?id=237) !important;background-position: center !important;background-repeat: no-repeat !important;background-size: cover !important;}\u00bb][vc_column][vc_empty_space alter_height=\u00bbhuge\u00bb hide_on_mobile=\u00bb\u00bb][vc_empty_space alter_height=\u00bblarge\u00bb hide_on_mobile=\u00bb\u00bb css=\u00bb.vc_custom_1478187928187{margin-bottom: 0.35rem !important;}\u00bb][\/vc_column][\/vc_row]\" \/>\n<meta property=\"og:url\" content=\"https:\/\/bokas.nodex.be\/es\/quienes-somos\/\" \/>\n<meta property=\"og:site_name\" content=\"Bokastransfer\" \/>\n<meta property=\"article:modified_time\" content=\"2026-04-29T14:18:42+00:00\" \/>\n<meta name=\"twitter:card\" content=\"summary_large_image\" \/>\n<meta name=\"twitter:label1\" content=\"Tiempo de lectura\" \/>\n\t<meta name=\"twitter:data1\" content=\"2 minutos\" \/>\n<script type=\"application\/ld+json\" class=\"yoast-schema-graph\">{\"@context\":\"https:\\\/\\\/schema.org\",\"@graph\":[{\"@type\":\"WebPage\",\"@id\":\"https:\\\/\\\/bokas.nodex.be\\\/es\\\/quienes-somos\\\/\",\"url\":\"https:\\\/\\\/bokas.nodex.be\\\/es\\\/quienes-somos\\\/\",\"name\":\"Qui\u00e9nes somos - Bokastransfer\",\"isPartOf\":{\"@id\":\"https:\\\/\\\/bokas.nodex.be\\\/es\\\/#website\"},\"datePublished\":\"2016-10-21T09:12:19+00:00\",\"dateModified\":\"2026-04-29T14:18:42+00:00\",\"breadcrumb\":{\"@id\":\"https:\\\/\\\/bokas.nodex.be\\\/es\\\/quienes-somos\\\/#breadcrumb\"},\"inLanguage\":\"es\",\"potentialAction\":[{\"@type\":\"ReadAction\",\"target\":[\"https:\\\/\\\/bokas.nodex.be\\\/es\\\/quienes-somos\\\/\"]}]},{\"@type\":\"BreadcrumbList\",\"@id\":\"https:\\\/\\\/bokas.nodex.be\\\/es\\\/quienes-somos\\\/#breadcrumb\",\"itemListElement\":[{\"@type\":\"ListItem\",\"position\":1,\"name\":\"Home\",\"item\":\"https:\\\/\\\/bokas.nodex.be\\\/es\\\/\"},{\"@type\":\"ListItem\",\"position\":2,\"name\":\"Qui\u00e9nes somos\"}]},{\"@type\":\"WebSite\",\"@id\":\"https:\\\/\\\/bokas.nodex.be\\\/es\\\/#website\",\"url\":\"https:\\\/\\\/bokas.nodex.be\\\/es\\\/\",\"name\":\"Bokastransfer\",\"description\":\"Taxi Service\",\"publisher\":{\"@id\":\"https:\\\/\\\/bokas.nodex.be\\\/es\\\/#organization\"},\"potentialAction\":[{\"@type\":\"SearchAction\",\"target\":{\"@type\":\"EntryPoint\",\"urlTemplate\":\"https:\\\/\\\/bokas.nodex.be\\\/es\\\/?s={search_term_string}\"},\"query-input\":{\"@type\":\"PropertyValueSpecification\",\"valueRequired\":true,\"valueName\":\"search_term_string\"}}],\"inLanguage\":\"es\"},{\"@type\":\"Organization\",\"@id\":\"https:\\\/\\\/bokas.nodex.be\\\/es\\\/#organization\",\"name\":\"Bokastransfer\",\"url\":\"https:\\\/\\\/bokas.nodex.be\\\/es\\\/\",\"logo\":{\"@type\":\"ImageObject\",\"inLanguage\":\"es\",\"@id\":\"https:\\\/\\\/bokas.nodex.be\\\/es\\\/#\\\/schema\\\/logo\\\/image\\\/\",\"url\":\"https:\\\/\\\/bokas.nodex.be\\\/wp-content\\\/uploads\\\/2026\\\/04\\\/2-3.png\",\"contentUrl\":\"https:\\\/\\\/bokas.nodex.be\\\/wp-content\\\/uploads\\\/2026\\\/04\\\/2-3.png\",\"width\":2000,\"height\":2000,\"caption\":\"Bokastransfer\"},\"image\":{\"@id\":\"https:\\\/\\\/bokas.nodex.be\\\/es\\\/#\\\/schema\\\/logo\\\/image\\\/\"}}]}<\/script>\n<!-- \/ Yoast SEO plugin. -->","yoast_head_json":{"title":"Qui\u00e9nes somos - Bokastransfer","robots":{"index":"index","follow":"follow","max-snippet":"max-snippet:-1","max-image-preview":"max-image-preview:large","max-video-preview":"max-video-preview:-1"},"canonical":"https:\/\/bokas.nodex.be\/es\/quienes-somos\/","og_locale":"es_ES","og_type":"article","og_title":"Qui\u00e9nes somos - Bokastransfer","og_description":"[vc_row el_class=\u00bbabout_hero\u00bb][vc_column][vc_empty_space alter_height=\u00bbhuge\u00bb hide_on_mobile=\u00bb\u00bb][\/vc_column][vc_column width=\u00bb1\/2&#8243;][\/vc_column][vc_column width=\u00bb1\/2&#8243;][vc_single_image image=\u00bb2176&#8243; img_size=\u00bbfull\u00bb][\/vc_column][vc_column][vc_empty_space alter_height=\u00bbhuge\u00bb hide_on_mobile=\u00bb\u00bb][\/vc_column][\/vc_row][vc_row full_width=\u00bbstretch_row\u00bb css=\u00bb.vc_custom_1777307647932{background-color: #f7f7f7 !important;background-position: center !important;background-repeat: no-repeat !important;background-size: cover !important;}\u00bb][vc_column][vc_empty_space alter_height=\u00bbhuge\u00bb hide_on_mobile=\u00bb\u00bb css=\u00bb.vc_custom_1478093416638{margin-bottom: 1.6rem !important;}\u00bb][vc_empty_space alter_height=\u00bbmedium\u00bb hide_on_mobile=\u00bb\u00bb][vc_empty_space alter_height=\u00bbmedium\u00bb hide_on_mobile=\u00bb\u00bb css=\u00bb.vc_custom_1478095475257{margin-bottom: 1.5rem !important;}\u00bb][\/vc_column][\/vc_row][vc_row full_width=\u00bbstretch_row\u00bb css=\u00bb.vc_custom_1478093033959{background-color: #f8f8f8 !important;}\u00bb][vc_column][vc_empty_space alter_height=\u00bbhuge\u00bb hide_on_mobile=\u00bb\u00bb][vc_empty_space alter_height=\u00bblarge\u00bb hide_on_mobile=\u00bb\u00bb][\/vc_column][\/vc_row][vc_row full_width=\u00bbstretch_row\u00bb css=\u00bb.vc_custom_1777110950190{margin-top: 50px !important;background-image: url(https:\/\/bokas.nodex.be\/wp-content\/uploads\/2016\/10\/background-10.jpg?id=237) !important;background-position: center !important;background-repeat: no-repeat !important;background-size: cover !important;}\u00bb][vc_column][vc_empty_space alter_height=\u00bbhuge\u00bb hide_on_mobile=\u00bb\u00bb][vc_empty_space alter_height=\u00bblarge\u00bb hide_on_mobile=\u00bb\u00bb css=\u00bb.vc_custom_1478187928187{margin-bottom: 0.35rem !important;}\u00bb][\/vc_column][\/vc_row]","og_url":"https:\/\/bokas.nodex.be\/es\/quienes-somos\/","og_site_name":"Bokastransfer","article_modified_time":"2026-04-29T14:18:42+00:00","twitter_card":"summary_large_image","twitter_misc":{"Tiempo de lectura":"2 minutos"},"schema":{"@context":"https:\/\/schema.org","@graph":[{"@type":"WebPage","@id":"https:\/\/bokas.nodex.be\/es\/quienes-somos\/","url":"https:\/\/bokas.nodex.be\/es\/quienes-somos\/","name":"Qui\u00e9nes somos - Bokastransfer","isPartOf":{"@id":"https:\/\/bokas.nodex.be\/es\/#website"},"datePublished":"2016-10-21T09:12:19+00:00","dateModified":"2026-04-29T14:18:42+00:00","breadcrumb":{"@id":"https:\/\/bokas.nodex.be\/es\/quienes-somos\/#breadcrumb"},"inLanguage":"es","potentialAction":[{"@type":"ReadAction","target":["https:\/\/bokas.nodex.be\/es\/quienes-somos\/"]}]},{"@type":"BreadcrumbList","@id":"https:\/\/bokas.nodex.be\/es\/quienes-somos\/#breadcrumb","itemListElement":[{"@type":"ListItem","position":1,"name":"Home","item":"https:\/\/bokas.nodex.be\/es\/"},{"@type":"ListItem","position":2,"name":"Qui\u00e9nes somos"}]},{"@type":"WebSite","@id":"https:\/\/bokas.nodex.be\/es\/#website","url":"https:\/\/bokas.nodex.be\/es\/","name":"Bokastransfer","description":"Taxi Service","publisher":{"@id":"https:\/\/bokas.nodex.be\/es\/#organization"},"potentialAction":[{"@type":"SearchAction","target":{"@type":"EntryPoint","urlTemplate":"https:\/\/bokas.nodex.be\/es\/?s={search_term_string}"},"query-input":{"@type":"PropertyValueSpecification","valueRequired":true,"valueName":"search_term_string"}}],"inLanguage":"es"},{"@type":"Organization","@id":"https:\/\/bokas.nodex.be\/es\/#organization","name":"Bokastransfer","url":"https:\/\/bokas.nodex.be\/es\/","logo":{"@type":"ImageObject","inLanguage":"es","@id":"https:\/\/bokas.nodex.be\/es\/#\/schema\/logo\/image\/","url":"https:\/\/bokas.nodex.be\/wp-content\/uploads\/2026\/04\/2-3.png","contentUrl":"https:\/\/bokas.nodex.be\/wp-content\/uploads\/2026\/04\/2-3.png","width":2000,"height":2000,"caption":"Bokastransfer"},"image":{"@id":"https:\/\/bokas.nodex.be\/es\/#\/schema\/logo\/image\/"}}]}},"_links":{"self":[{"href":"https:\/\/bokas.nodex.be\/es\/wp-json\/wp\/v2\/pages\/2281","targetHints":{"allow":["GET"]}}],"collection":[{"href":"https:\/\/bokas.nodex.be\/es\/wp-json\/wp\/v2\/pages"}],"about":[{"href":"https:\/\/bokas.nodex.be\/es\/wp-json\/wp\/v2\/types\/page"}],"author":[{"embeddable":true,"href":"https:\/\/bokas.nodex.be\/es\/wp-json\/wp\/v2\/users\/1"}],"replies":[{"embeddable":true,"href":"https:\/\/bokas.nodex.be\/es\/wp-json\/wp\/v2\/comments?post=2281"}],"version-history":[{"count":2,"href":"https:\/\/bokas.nodex.be\/es\/wp-json\/wp\/v2\/pages\/2281\/revisions"}],"predecessor-version":[{"id":2283,"href":"https:\/\/bokas.nodex.be\/es\/wp-json\/wp\/v2\/pages\/2281\/revisions\/2283"}],"wp:attachment":[{"href":"https:\/\/bokas.nodex.be\/es\/wp-json\/wp\/v2\/media?parent=2281"}],"curies":[{"name":"wp","href":"https:\/\/api.w.org\/{rel}","templated":true}]}}