




{"id":2271,"date":"2016-10-21T09:12:19","date_gmt":"2016-10-21T09:12:19","guid":{"rendered":"https:\/\/bokas.nodex.be\/a-propos-de-nous\/"},"modified":"2026-04-29T13:44:10","modified_gmt":"2026-04-29T13:44:10","slug":"a-propos-de-nous","status":"publish","type":"page","link":"https:\/\/bokas.nodex.be\/fr\/a-propos-de-nous\/","title":{"rendered":"\u00c0 propos de nous"},"content":{"rendered":"<div class=\"wpb-content-wrapper\"><p>[vc_row el_class=\u00a0\u00bbabout_hero\u00a0\u00bb][vc_column][vc_empty_space alter_height=\u00a0\u00bbhuge\u00a0\u00bb hide_on_mobile=\u00a0\u00bb\u00a0\u00bb][\/vc_column][vc_column width=\u00a0\u00bb1\/2&Prime;]<div id=\"sc_title_386774119\"\n\t\tclass=\"sc_title sc_title_default  vc_custom_1777288522247\"><h6 class=\"sc_item_subtitle sc_title_subtitle sc_align_left sc_item_title_style_default\">\u00c0 propos de Bokas Transfer<\/h6><h2 class=\"sc_item_title sc_title_title sc_align_left sc_item_title_style_default\">Transport priv\u00e9 \u00e0 Prague \u2014 et dans toute l'Europe.<\/h2><div class=\"sc_item_descr sc_title_descr sc_align_left\">Nous proposons des services de transport priv\u00e9 \u00e0 Prague et accompagnons nos clients vers des destinations pris\u00e9es \u00e0 travers l'Europe. Une solution pratique pour les touristes, les familles, les petits groupes et les voyages d'affaires.<\/div><\/div><!-- \/.sc_title --><div class=\"sc_item_button sc_button_wrap sc_align_left\"><a href=\"\/booking-page\/\"\n\t id=\"sc_button_1062150688\" \n\tclass=\"sc_button sc_button_default sc_button_size_normal sc_button_icon_left\"\n\t\t><span class=\"sc_button_text sc_align_center\"><span class=\"sc_button_title\">Transfert de livre \u2192<\/span><\/span><!-- \/.sc_button_text --><\/a><!-- \/.sc_button --><\/div><!-- \/.sc_item_button -->[\/vc_column][vc_column width=\u00a0\u00bb1\/2&Prime;][vc_single_image image=\u00a0\u00bb2176&Prime; img_size=\u00a0\u00bbfull\u00a0\u00bb][\/vc_column][vc_column][vc_empty_space alter_height=\u00a0\u00bbhuge\u00a0\u00bb hide_on_mobile=\u00a0\u00bb\u00a0\u00bb][\/vc_column][\/vc_row][vc_row full_width=\u00a0\u00bbstretch_row\u00a0\u00bb css=\u00a0\u00bb.vc_custom_1777307647932{background-color: #f7f7f7 !important;background-position: center !important;background-repeat: no-repeat !important;background-size: cover !important;}\u00a0\u00bb][vc_column][vc_empty_space alter_height=\u00a0\u00bbhuge\u00a0\u00bb hide_on_mobile=\u00a0\u00bb\u00a0\u00bb css=\u00a0\u00bb.vc_custom_1478093416638{margin-bottom: 1.6rem !important;}\u00a0\u00bb]<div id=\"sc_title_1915206645\"\n\t\tclass=\"sc_title sc_title_default\"><h6 class=\"sc_item_subtitle sc_title_subtitle sc_align_center sc_item_title_style_default\">Ce que nous faisons<\/h6><h2 class=\"sc_item_title sc_title_title sc_align_center sc_item_title_style_default\">Nos principaux services<\/h2><div class=\"sc_item_descr sc_title_descr sc_align_center\">Trois services principaux qui couvrent la plupart des moyens de transport entre Prague, l'a\u00e9roport et d'autres villes europ\u00e9ennes.<\/div><\/div><!-- \/.sc_title -->[vc_empty_space alter_height=\u00a0\u00bbmedium\u00a0\u00bb hide_on_mobile=\u00a0\u00bb\u00a0\u00bb]<div id=\"services_block\" \n\tclass=\"sc_icons sc_icons_modern sc_icons_size_small sc_align_center\"><div class=\"sc_icons_columns sc_item_columns trx_addons_columns_wrap columns_padding_bottom\"><div class=\"trx_addons_column-1_3\"><div class=\"sc_icons_item\"><div id=\"services_block_icon-airport\" class=\"sc_icons_icon sc_icon_type_fontawesome icon-airport\"\n\t\t\t\t\t\t\t\t\t\t\t\t><span class=\"sc_icon_type_fontawesome icon-airport\"><\/span><\/div><h4 class=\"sc_icons_title\"><span> Transfert depuis l&#039;a\u00e9roport<\/span><\/h4><div class=\"sc_icons_description\"><span>Arrivez sans stress. Votre chauffeur vous attend dans le hall des arriv\u00e9es avec une pancarte \u00e0 votre nom, suit votre vol en temps r\u00e9el et vous conduit directement \u00e0 votre h\u00f4tel ou \u00e0 votre appartement. Les transferts de retour vers l&#039;a\u00e9roport sont tout aussi faciles \u00e0 r\u00e9server.<\/span><\/div><\/div><\/div><div class=\"trx_addons_column-1_3\"><div class=\"sc_icons_item\"><div id=\"services_block_icon-taxi-tours\" class=\"sc_icons_icon sc_icon_type_fontawesome icon-taxi-tours\"\n\t\t\t\t\t\t\t\t\t\t\t\t><span class=\"sc_icon_type_fontawesome icon-taxi-tours\"><\/span><\/div><h4 class=\"sc_icons_title\"><span>Excursions priv\u00e9es d&#039;une journ\u00e9e au d\u00e9part de Prague<\/span><\/h4><div class=\"sc_icons_description\"><span>D\u00e9couvrez l&#039;Europe \u00e0 votre rythme. Nous viendrons vous chercher \u00e0 Prague, vous conduirons \u00e0 Vienne, Dresde, Karlovy Vary ou toute autre destination, nous vous laisserons le temps de profiter de la ville, puis nous vous ram\u00e8nerons \u2014 pas de visites en groupe, pas de pr\u00e9cipitation.<\/span><\/div><\/div><\/div><div class=\"trx_addons_column-1_3\"><div class=\"sc_icons_item\"><div id=\"services_block_icon-timer\" class=\"sc_icons_icon sc_icon_type_fontawesome icon-timer\"\n\t\t\t\t\t\t\t\t\t\t\t\t><span class=\"sc_icon_type_fontawesome icon-timer\"><\/span><\/div><h4 class=\"sc_icons_title\"><span>Service de chauffeur \u00e0 l&#039;heure<\/span><\/h4><div class=\"sc_icons_description\"><span>R\u00e9servez un chauffeur \u00e0 l&#039;heure pour vos rendez-vous professionnels, vos courses, vos visites de la ville ou vos courses avec plusieurs arr\u00eats. Vous d\u00e9finissez l&#039;itin\u00e9raire, nous veillons \u00e0 ce que chaque arr\u00eat se fasse \u00e0 l&#039;heure.<\/span><\/div><\/div><\/div><\/div><\/div><!-- \/.sc_icons -->[vc_empty_space alter_height=\u00a0\u00bbmedium\u00a0\u00bb hide_on_mobile=\u00a0\u00bb\u00a0\u00bb css=\u00a0\u00bb.vc_custom_1478095475257{margin-bottom: 1.5rem !important;}\u00a0\u00bb][\/vc_column][\/vc_row][vc_row full_width=\u00a0\u00bbstretch_row\u00a0\u00bb css=\u00a0\u00bb.vc_custom_1478093033959{background-color: #f8f8f8 !important;}\u00a0\u00bb][vc_column][vc_empty_space alter_height=\u00a0\u00bbhuge\u00a0\u00bb hide_on_mobile=\u00a0\u00bb\u00a0\u00bb]<div id=\"sc_title_1317182039\"\n\t\tclass=\"sc_title sc_title_default\"><h6 class=\"sc_item_subtitle sc_title_subtitle sc_align_center sc_item_title_style_default\">Qui nous transportons<\/h6><h2 class=\"sc_item_title sc_title_title sc_align_center sc_item_title_style_default\">Une solution pratique pour\u2026<\/h2><div class=\"sc_item_descr sc_title_descr sc_align_center\">Que ce soit pour votre premi\u00e8re visite, un d\u00e9placement avec des enfants ou pour vous rendre d'une r\u00e9union \u00e0 l'autre, notre service repose sur des trajets priv\u00e9s et une communication fiable.<\/div><\/div><!-- \/.sc_title -->[vc_empty_space alter_height=\u00a0\u00bblarge\u00a0\u00bb hide_on_mobile=\u00a0\u00bb\u00a0\u00bb]<div id=\"services_block\" \n\tclass=\"sc_icons sc_icons_modern sc_icons_size_small sc_align_center\"><div class=\"sc_icons_columns sc_item_columns trx_addons_columns_wrap columns_padding_bottom\"><div class=\"trx_addons_column-1_4\"><div class=\"sc_icons_item\"><h4 class=\"sc_icons_title\"><span>Touristes<\/span><\/h4><div class=\"sc_icons_description\"><span>Ceux qui visitent Prague pour la premi\u00e8re fois.<\/span><\/div><\/div><\/div><div class=\"trx_addons_column-1_4\"><div class=\"sc_icons_item\"><h4 class=\"sc_icons_title\"><span>Familles<\/span><\/h4><div class=\"sc_icons_description\"><span>Avec des si\u00e8ges pour enfants disponibles sur demande.<\/span><\/div><\/div><\/div><div class=\"trx_addons_column-1_4\"><div class=\"sc_icons_item\"><h4 class=\"sc_icons_title\"><span>Petits groupes<\/span><\/h4><div class=\"sc_icons_description\"><span>Jusqu&#039;\u00e0 8 passagers dans un monospace.<\/span><\/div><\/div><\/div><div class=\"trx_addons_column-1_4\"><div class=\"sc_icons_item\"><h4 class=\"sc_icons_title\"><span>Voyages d&#039;affaires<\/span><\/h4><div class=\"sc_icons_description\"><span>Mod\u00e8les Mercedes Classe E et Classe V disponibles.<\/span><\/div><\/div><\/div><\/div><\/div><!-- \/.sc_icons -->[\/vc_column][\/vc_row][vc_row full_width=\u00a0\u00bbstretch_row\u00a0\u00bb css=\u00a0\u00bb.vc_custom_1777110950190{margin-top: 50px !important;background-image: url(https:\/\/bokas.nodex.be\/wp-content\/uploads\/2016\/10\/background-10.jpg?id=237) !important;background-position: center !important;background-repeat: no-repeat !important;background-size: cover !important;}\u00a0\u00bb][vc_column][vc_empty_space alter_height=\u00a0\u00bbhuge\u00a0\u00bb hide_on_mobile=\u00a0\u00bb\u00a0\u00bb]<div class=\"sc_testimonials sc_testimonials_inverse\" data-slides-min-width=\"150\"\t\t>\n\t\t<h6 class=\"sc_item_subtitle sc_testimonials_subtitle sc_align_default sc_item_title_style_default\">Ce que nos clients disent de nous<\/h6><h2 class=\"sc_item_title sc_testimonials_title sc_align_default sc_item_title_style_default\">T\u00e9moignages<\/h2><div class=\"sc_testimonials_content sc_item_content\"><div class=\"sc_testimonials_item\">\n\t<div class=\"sc_testimonials_item_content\">\n<p>Une r\u00e9servation sans encombre, un tarif clair, un chauffeur qui attend exactement l\u00e0 o\u00f9 il l&rsquo;avait promis. C&rsquo;est ainsi que les transferts a\u00e9roport devraient fonctionner. <\/p>\n<\/div>\n\t<div class=\"sc_testimonials_item_author\">\n\t\t\t\t<div class=\"sc_testimonials_item_author_data\">\n\t\t\t<h4 class=\"sc_testimonials_item_author_title\">David P, \u00c9tats-Unis<\/h4>\n\t\t\t<!-- <div class=\"sc_testimonials_item_author_subtitle\"><\/div> -->\n\t\t<\/div>\n\t<\/div>\n<\/div>\n<\/div><\/div><!-- \/.sc_testimonials -->[vc_empty_space alter_height=\u00a0\u00bblarge\u00a0\u00bb hide_on_mobile=\u00a0\u00bb\u00a0\u00bb css=\u00a0\u00bb.vc_custom_1478187928187{margin-bottom: 0.35rem !important;}\u00a0\u00bb][\/vc_column][\/vc_row]<\/p>\n<\/div>","protected":false},"excerpt":{"rendered":"<p>[vc_row el_class=\u00a0\u00bbabout_hero\u00a0\u00bb][vc_column][vc_empty_space alter_height=\u00a0\u00bbhuge\u00a0\u00bb hide_on_mobile=\u00a0\u00bb\u00a0\u00bb][\/vc_column][vc_column width=\u00a0\u00bb1\/2&Prime;][\/vc_column][vc_column width=\u00a0\u00bb1\/2&Prime;][vc_single_image image=\u00a0\u00bb2176&Prime; img_size=\u00a0\u00bbfull\u00a0\u00bb][\/vc_column][vc_column][vc_empty_space alter_height=\u00a0\u00bbhuge\u00a0\u00bb hide_on_mobile=\u00a0\u00bb\u00a0\u00bb][\/vc_column][\/vc_row][vc_row full_width=\u00a0\u00bbstretch_row\u00a0\u00bb css=\u00a0\u00bb.vc_custom_1777307647932{background-color: #f7f7f7 !important;background-position: center !important;background-repeat: no-repeat !important;background-size: cover !important;}\u00a0\u00bb][vc_column][vc_empty_space alter_height=\u00a0\u00bbhuge\u00a0\u00bb hide_on_mobile=\u00a0\u00bb\u00a0\u00bb css=\u00a0\u00bb.vc_custom_1478093416638{margin-bottom: 1.6rem !important;}\u00a0\u00bb][vc_empty_space alter_height=\u00a0\u00bbmedium\u00a0\u00bb hide_on_mobile=\u00a0\u00bb\u00a0\u00bb][vc_empty_space alter_height=\u00a0\u00bbmedium\u00a0\u00bb hide_on_mobile=\u00a0\u00bb\u00a0\u00bb css=\u00a0\u00bb.vc_custom_1478095475257{margin-bottom: 1.5rem !important;}\u00a0\u00bb][\/vc_column][\/vc_row][vc_row full_width=\u00a0\u00bbstretch_row\u00a0\u00bb css=\u00a0\u00bb.vc_custom_1478093033959{background-color: #f8f8f8 !important;}\u00a0\u00bb][vc_column][vc_empty_space alter_height=\u00a0\u00bbhuge\u00a0\u00bb hide_on_mobile=\u00a0\u00bb\u00a0\u00bb][vc_empty_space alter_height=\u00a0\u00bblarge\u00a0\u00bb hide_on_mobile=\u00a0\u00bb\u00a0\u00bb][\/vc_column][\/vc_row][vc_row full_width=\u00a0\u00bbstretch_row\u00a0\u00bb css=\u00a0\u00bb.vc_custom_1777110950190{margin-top: 50px !important;background-image: url(https:\/\/bokas.nodex.be\/wp-content\/uploads\/2016\/10\/background-10.jpg?id=237) !important;background-position: center !important;background-repeat: no-repeat !important;background-size: cover !important;}\u00a0\u00bb][vc_column][vc_empty_space alter_height=\u00a0\u00bbhuge\u00a0\u00bb hide_on_mobile=\u00a0\u00bb\u00a0\u00bb][vc_empty_space alter_height=\u00a0\u00bblarge\u00a0\u00bb hide_on_mobile=\u00a0\u00bb\u00a0\u00bb css=\u00a0\u00bb.vc_custom_1478187928187{margin-bottom: 0.35rem !important;}\u00a0\u00bb][\/vc_column][\/vc_row]<\/p>\n","protected":false},"author":1,"featured_media":0,"parent":0,"menu_order":0,"comment_status":"closed","ping_status":"closed","template":"","meta":{"footnotes":""},"class_list":["post-2271","page","type-page","status-publish","hentry"],"yoast_head":"<!-- This site is optimized with the Yoast SEO plugin v27.4 - https:\/\/yoast.com\/product\/yoast-seo-wordpress\/ -->\n<title>\u00c0 propos de nous - Bokastransfer<\/title>\n<meta name=\"robots\" content=\"index, follow, max-snippet:-1, max-image-preview:large, max-video-preview:-1\" \/>\n<link rel=\"canonical\" href=\"https:\/\/bokas.nodex.be\/fr\/a-propos-de-nous\/\" \/>\n<meta property=\"og:locale\" content=\"fr_FR\" \/>\n<meta property=\"og:type\" content=\"article\" \/>\n<meta property=\"og:title\" content=\"\u00c0 propos de nous - Bokastransfer\" \/>\n<meta property=\"og:description\" content=\"[vc_row el_class=\u00a0\u00bbabout_hero\u00a0\u00bb][vc_column][vc_empty_space alter_height=\u00a0\u00bbhuge\u00a0\u00bb hide_on_mobile=\u00a0\u00bb\u00a0\u00bb][\/vc_column][vc_column width=\u00a0\u00bb1\/2&Prime;][\/vc_column][vc_column width=\u00a0\u00bb1\/2&Prime;][vc_single_image image=\u00a0\u00bb2176&Prime; img_size=\u00a0\u00bbfull\u00a0\u00bb][\/vc_column][vc_column][vc_empty_space alter_height=\u00a0\u00bbhuge\u00a0\u00bb hide_on_mobile=\u00a0\u00bb\u00a0\u00bb][\/vc_column][\/vc_row][vc_row full_width=\u00a0\u00bbstretch_row\u00a0\u00bb css=\u00a0\u00bb.vc_custom_1777307647932{background-color: #f7f7f7 !important;background-position: center !important;background-repeat: no-repeat !important;background-size: cover !important;}\u00a0\u00bb][vc_column][vc_empty_space alter_height=\u00a0\u00bbhuge\u00a0\u00bb hide_on_mobile=\u00a0\u00bb\u00a0\u00bb css=\u00a0\u00bb.vc_custom_1478093416638{margin-bottom: 1.6rem !important;}\u00a0\u00bb][vc_empty_space alter_height=\u00a0\u00bbmedium\u00a0\u00bb hide_on_mobile=\u00a0\u00bb\u00a0\u00bb][vc_empty_space alter_height=\u00a0\u00bbmedium\u00a0\u00bb hide_on_mobile=\u00a0\u00bb\u00a0\u00bb css=\u00a0\u00bb.vc_custom_1478095475257{margin-bottom: 1.5rem !important;}\u00a0\u00bb][\/vc_column][\/vc_row][vc_row full_width=\u00a0\u00bbstretch_row\u00a0\u00bb css=\u00a0\u00bb.vc_custom_1478093033959{background-color: #f8f8f8 !important;}\u00a0\u00bb][vc_column][vc_empty_space alter_height=\u00a0\u00bbhuge\u00a0\u00bb hide_on_mobile=\u00a0\u00bb\u00a0\u00bb][vc_empty_space alter_height=\u00a0\u00bblarge\u00a0\u00bb hide_on_mobile=\u00a0\u00bb\u00a0\u00bb][\/vc_column][\/vc_row][vc_row full_width=\u00a0\u00bbstretch_row\u00a0\u00bb css=\u00a0\u00bb.vc_custom_1777110950190{margin-top: 50px !important;background-image: url(https:\/\/bokas.nodex.be\/wp-content\/uploads\/2016\/10\/background-10.jpg?id=237) !important;background-position: center !important;background-repeat: no-repeat !important;background-size: cover !important;}\u00a0\u00bb][vc_column][vc_empty_space alter_height=\u00a0\u00bbhuge\u00a0\u00bb hide_on_mobile=\u00a0\u00bb\u00a0\u00bb][vc_empty_space alter_height=\u00a0\u00bblarge\u00a0\u00bb hide_on_mobile=\u00a0\u00bb\u00a0\u00bb css=\u00a0\u00bb.vc_custom_1478187928187{margin-bottom: 0.35rem !important;}\u00a0\u00bb][\/vc_column][\/vc_row]\" \/>\n<meta property=\"og:url\" content=\"https:\/\/bokas.nodex.be\/fr\/a-propos-de-nous\/\" \/>\n<meta property=\"og:site_name\" content=\"Bokastransfer\" \/>\n<meta property=\"article:modified_time\" content=\"2026-04-29T13:44:10+00:00\" \/>\n<meta name=\"twitter:card\" content=\"summary_large_image\" \/>\n<meta name=\"twitter:label1\" content=\"Dur\u00e9e de lecture estim\u00e9e\" \/>\n\t<meta name=\"twitter:data1\" content=\"2 minutes\" \/>\n<script type=\"application\/ld+json\" class=\"yoast-schema-graph\">{\"@context\":\"https:\\\/\\\/schema.org\",\"@graph\":[{\"@type\":\"WebPage\",\"@id\":\"https:\\\/\\\/bokas.nodex.be\\\/fr\\\/a-propos-de-nous\\\/\",\"url\":\"https:\\\/\\\/bokas.nodex.be\\\/fr\\\/a-propos-de-nous\\\/\",\"name\":\"\u00c0 propos de nous - Bokastransfer\",\"isPartOf\":{\"@id\":\"https:\\\/\\\/bokas.nodex.be\\\/fr\\\/#website\"},\"datePublished\":\"2016-10-21T09:12:19+00:00\",\"dateModified\":\"2026-04-29T13:44:10+00:00\",\"breadcrumb\":{\"@id\":\"https:\\\/\\\/bokas.nodex.be\\\/fr\\\/a-propos-de-nous\\\/#breadcrumb\"},\"inLanguage\":\"fr-FR\",\"potentialAction\":[{\"@type\":\"ReadAction\",\"target\":[\"https:\\\/\\\/bokas.nodex.be\\\/fr\\\/a-propos-de-nous\\\/\"]}]},{\"@type\":\"BreadcrumbList\",\"@id\":\"https:\\\/\\\/bokas.nodex.be\\\/fr\\\/a-propos-de-nous\\\/#breadcrumb\",\"itemListElement\":[{\"@type\":\"ListItem\",\"position\":1,\"name\":\"Home\",\"item\":\"https:\\\/\\\/bokas.nodex.be\\\/fr\\\/\"},{\"@type\":\"ListItem\",\"position\":2,\"name\":\"\u00c0 propos de nous\"}]},{\"@type\":\"WebSite\",\"@id\":\"https:\\\/\\\/bokas.nodex.be\\\/fr\\\/#website\",\"url\":\"https:\\\/\\\/bokas.nodex.be\\\/fr\\\/\",\"name\":\"Bokastransfer\",\"description\":\"Taxi Service\",\"publisher\":{\"@id\":\"https:\\\/\\\/bokas.nodex.be\\\/fr\\\/#organization\"},\"potentialAction\":[{\"@type\":\"SearchAction\",\"target\":{\"@type\":\"EntryPoint\",\"urlTemplate\":\"https:\\\/\\\/bokas.nodex.be\\\/fr\\\/?s={search_term_string}\"},\"query-input\":{\"@type\":\"PropertyValueSpecification\",\"valueRequired\":true,\"valueName\":\"search_term_string\"}}],\"inLanguage\":\"fr-FR\"},{\"@type\":\"Organization\",\"@id\":\"https:\\\/\\\/bokas.nodex.be\\\/fr\\\/#organization\",\"name\":\"Bokastransfer\",\"url\":\"https:\\\/\\\/bokas.nodex.be\\\/fr\\\/\",\"logo\":{\"@type\":\"ImageObject\",\"inLanguage\":\"fr-FR\",\"@id\":\"https:\\\/\\\/bokas.nodex.be\\\/fr\\\/#\\\/schema\\\/logo\\\/image\\\/\",\"url\":\"https:\\\/\\\/bokas.nodex.be\\\/wp-content\\\/uploads\\\/2026\\\/04\\\/2-3.png\",\"contentUrl\":\"https:\\\/\\\/bokas.nodex.be\\\/wp-content\\\/uploads\\\/2026\\\/04\\\/2-3.png\",\"width\":2000,\"height\":2000,\"caption\":\"Bokastransfer\"},\"image\":{\"@id\":\"https:\\\/\\\/bokas.nodex.be\\\/fr\\\/#\\\/schema\\\/logo\\\/image\\\/\"}}]}<\/script>\n<!-- \/ Yoast SEO plugin. -->","yoast_head_json":{"title":"\u00c0 propos de nous - Bokastransfer","robots":{"index":"index","follow":"follow","max-snippet":"max-snippet:-1","max-image-preview":"max-image-preview:large","max-video-preview":"max-video-preview:-1"},"canonical":"https:\/\/bokas.nodex.be\/fr\/a-propos-de-nous\/","og_locale":"fr_FR","og_type":"article","og_title":"\u00c0 propos de nous - Bokastransfer","og_description":"[vc_row el_class=\u00a0\u00bbabout_hero\u00a0\u00bb][vc_column][vc_empty_space alter_height=\u00a0\u00bbhuge\u00a0\u00bb hide_on_mobile=\u00a0\u00bb\u00a0\u00bb][\/vc_column][vc_column width=\u00a0\u00bb1\/2&Prime;][\/vc_column][vc_column width=\u00a0\u00bb1\/2&Prime;][vc_single_image image=\u00a0\u00bb2176&Prime; img_size=\u00a0\u00bbfull\u00a0\u00bb][\/vc_column][vc_column][vc_empty_space alter_height=\u00a0\u00bbhuge\u00a0\u00bb hide_on_mobile=\u00a0\u00bb\u00a0\u00bb][\/vc_column][\/vc_row][vc_row full_width=\u00a0\u00bbstretch_row\u00a0\u00bb css=\u00a0\u00bb.vc_custom_1777307647932{background-color: #f7f7f7 !important;background-position: center !important;background-repeat: no-repeat !important;background-size: cover !important;}\u00a0\u00bb][vc_column][vc_empty_space alter_height=\u00a0\u00bbhuge\u00a0\u00bb hide_on_mobile=\u00a0\u00bb\u00a0\u00bb css=\u00a0\u00bb.vc_custom_1478093416638{margin-bottom: 1.6rem !important;}\u00a0\u00bb][vc_empty_space alter_height=\u00a0\u00bbmedium\u00a0\u00bb hide_on_mobile=\u00a0\u00bb\u00a0\u00bb][vc_empty_space alter_height=\u00a0\u00bbmedium\u00a0\u00bb hide_on_mobile=\u00a0\u00bb\u00a0\u00bb css=\u00a0\u00bb.vc_custom_1478095475257{margin-bottom: 1.5rem !important;}\u00a0\u00bb][\/vc_column][\/vc_row][vc_row full_width=\u00a0\u00bbstretch_row\u00a0\u00bb css=\u00a0\u00bb.vc_custom_1478093033959{background-color: #f8f8f8 !important;}\u00a0\u00bb][vc_column][vc_empty_space alter_height=\u00a0\u00bbhuge\u00a0\u00bb hide_on_mobile=\u00a0\u00bb\u00a0\u00bb][vc_empty_space alter_height=\u00a0\u00bblarge\u00a0\u00bb hide_on_mobile=\u00a0\u00bb\u00a0\u00bb][\/vc_column][\/vc_row][vc_row full_width=\u00a0\u00bbstretch_row\u00a0\u00bb css=\u00a0\u00bb.vc_custom_1777110950190{margin-top: 50px !important;background-image: url(https:\/\/bokas.nodex.be\/wp-content\/uploads\/2016\/10\/background-10.jpg?id=237) !important;background-position: center !important;background-repeat: no-repeat !important;background-size: cover !important;}\u00a0\u00bb][vc_column][vc_empty_space alter_height=\u00a0\u00bbhuge\u00a0\u00bb hide_on_mobile=\u00a0\u00bb\u00a0\u00bb][vc_empty_space alter_height=\u00a0\u00bblarge\u00a0\u00bb hide_on_mobile=\u00a0\u00bb\u00a0\u00bb css=\u00a0\u00bb.vc_custom_1478187928187{margin-bottom: 0.35rem !important;}\u00a0\u00bb][\/vc_column][\/vc_row]","og_url":"https:\/\/bokas.nodex.be\/fr\/a-propos-de-nous\/","og_site_name":"Bokastransfer","article_modified_time":"2026-04-29T13:44:10+00:00","twitter_card":"summary_large_image","twitter_misc":{"Dur\u00e9e de lecture estim\u00e9e":"2 minutes"},"schema":{"@context":"https:\/\/schema.org","@graph":[{"@type":"WebPage","@id":"https:\/\/bokas.nodex.be\/fr\/a-propos-de-nous\/","url":"https:\/\/bokas.nodex.be\/fr\/a-propos-de-nous\/","name":"\u00c0 propos de nous - Bokastransfer","isPartOf":{"@id":"https:\/\/bokas.nodex.be\/fr\/#website"},"datePublished":"2016-10-21T09:12:19+00:00","dateModified":"2026-04-29T13:44:10+00:00","breadcrumb":{"@id":"https:\/\/bokas.nodex.be\/fr\/a-propos-de-nous\/#breadcrumb"},"inLanguage":"fr-FR","potentialAction":[{"@type":"ReadAction","target":["https:\/\/bokas.nodex.be\/fr\/a-propos-de-nous\/"]}]},{"@type":"BreadcrumbList","@id":"https:\/\/bokas.nodex.be\/fr\/a-propos-de-nous\/#breadcrumb","itemListElement":[{"@type":"ListItem","position":1,"name":"Home","item":"https:\/\/bokas.nodex.be\/fr\/"},{"@type":"ListItem","position":2,"name":"\u00c0 propos de nous"}]},{"@type":"WebSite","@id":"https:\/\/bokas.nodex.be\/fr\/#website","url":"https:\/\/bokas.nodex.be\/fr\/","name":"Bokastransfer","description":"Taxi Service","publisher":{"@id":"https:\/\/bokas.nodex.be\/fr\/#organization"},"potentialAction":[{"@type":"SearchAction","target":{"@type":"EntryPoint","urlTemplate":"https:\/\/bokas.nodex.be\/fr\/?s={search_term_string}"},"query-input":{"@type":"PropertyValueSpecification","valueRequired":true,"valueName":"search_term_string"}}],"inLanguage":"fr-FR"},{"@type":"Organization","@id":"https:\/\/bokas.nodex.be\/fr\/#organization","name":"Bokastransfer","url":"https:\/\/bokas.nodex.be\/fr\/","logo":{"@type":"ImageObject","inLanguage":"fr-FR","@id":"https:\/\/bokas.nodex.be\/fr\/#\/schema\/logo\/image\/","url":"https:\/\/bokas.nodex.be\/wp-content\/uploads\/2026\/04\/2-3.png","contentUrl":"https:\/\/bokas.nodex.be\/wp-content\/uploads\/2026\/04\/2-3.png","width":2000,"height":2000,"caption":"Bokastransfer"},"image":{"@id":"https:\/\/bokas.nodex.be\/fr\/#\/schema\/logo\/image\/"}}]}},"_links":{"self":[{"href":"https:\/\/bokas.nodex.be\/fr\/wp-json\/wp\/v2\/pages\/2271","targetHints":{"allow":["GET"]}}],"collection":[{"href":"https:\/\/bokas.nodex.be\/fr\/wp-json\/wp\/v2\/pages"}],"about":[{"href":"https:\/\/bokas.nodex.be\/fr\/wp-json\/wp\/v2\/types\/page"}],"author":[{"embeddable":true,"href":"https:\/\/bokas.nodex.be\/fr\/wp-json\/wp\/v2\/users\/1"}],"replies":[{"embeddable":true,"href":"https:\/\/bokas.nodex.be\/fr\/wp-json\/wp\/v2\/comments?post=2271"}],"version-history":[{"count":3,"href":"https:\/\/bokas.nodex.be\/fr\/wp-json\/wp\/v2\/pages\/2271\/revisions"}],"predecessor-version":[{"id":2274,"href":"https:\/\/bokas.nodex.be\/fr\/wp-json\/wp\/v2\/pages\/2271\/revisions\/2274"}],"wp:attachment":[{"href":"https:\/\/bokas.nodex.be\/fr\/wp-json\/wp\/v2\/media?parent=2271"}],"curies":[{"name":"wp","href":"https:\/\/api.w.org\/{rel}","templated":true}]}}