




{"id":2315,"date":"2016-10-21T09:14:08","date_gmt":"2016-10-21T09:14:08","guid":{"rendered":"https:\/\/bokas.nodex.be\/contacts\/"},"modified":"2026-04-29T18:23:46","modified_gmt":"2026-04-29T18:23:46","slug":"contacts","status":"publish","type":"page","link":"https:\/\/bokas.nodex.be\/fr\/contacts\/","title":{"rendered":"Contacts"},"content":{"rendered":"<div class=\"wpb-content-wrapper\"><p>[vc_row css=\u00a0\u00bb.vc_custom_1777371525357{padding-top: 120px !important;}\u00a0\u00bb][vc_column width=\u00a0\u00bb1\/6&Prime;][\/vc_column][vc_column width=\u00a0\u00bb2\/3&Prime;][vc_empty_space alter_height=\u00a0\u00bbhuge\u00a0\u00bb hide_on_mobile=\u00a0\u00bb\u00a0\u00bb]<div id=\"sc_title_533710281\"\n\t\tclass=\"sc_title sc_title_default\"><h6 class=\"sc_item_subtitle sc_title_subtitle sc_align_center sc_item_title_style_default\">En quoi pouvons-nous vous aider ?<\/h6><h2 class=\"sc_item_title sc_title_title sc_align_center sc_item_title_style_default\">Vous avez des questions?<\/h2><div class=\"sc_item_descr sc_title_descr sc_align_center\">Si vous avez des commentaires, des suggestions ou des questions, n'h\u00e9sitez pas \u00e0 nous contacter. Notre \u00e9quipe administrative comp\u00e9tente se fera un plaisir de vous aider et de r\u00e9pondre \u00e0 toutes vos questions.<\/div><\/div><!-- \/.sc_title -->[vc_empty_space alter_height=\u00a0\u00bblarge\u00a0\u00bb hide_on_mobile=\u00a0\u00bb\u00a0\u00bb][\/vc_column][vc_column width=\u00a0\u00bb1\/6&Prime;][\/vc_column][\/vc_row][vc_row][vc_column]<div\n     id=\"sc_form_981582208\"    class=\"sc_form sc_form_modern sc_align_default\"\n        >\n\n    <form class=\"sc_form_form \" method=\"post\" action=\"https:\/\/bokas.nodex.be\/wp-admin\/admin-ajax.php\">\n        <div class=\"sc_form_info\">\n            <div class=\"content_wrap\">\n                <div class=\"trx_addons_columns_wrap columns_padding_bottom\"><div class=\"trx_addons_column-1_3\">\n                        <div class=\"sc_form_info_item sc_form_info_item_address\">\n                            <span class=\"sc_form_info_icon icon-map\"><\/span>\n                            <h6 class=\"sc_form_info_title\">Our address<\/h6>\n\t\t\t\t\t\t\t<span class=\"sc_form_info_data\"><span>Krymska 227\/29, 101 00 Praha 10<\/span><\/span>\n                        <\/div>\n                        <\/div><div class=\"trx_addons_column-1_3\">\n                        <div class=\"sc_form_info_item sc_form_info_item_phone\">\n                            <span class=\"sc_form_info_icon icon-phone-3\"><\/span>\n                            <h6 class=\"sc_form_info_title\">Nos t\u00e9l\u00e9phones<\/h6>\n\t\t\t\t\t\t\t<span class=\"sc_form_info_data\"><span><a href=\"tel:+420 777 323 771\">+420 777 323 771<\/a><\/span><\/span>\n                        <\/div>\n                        <\/div><div class=\"trx_addons_column-1_3\">\n                        <div class=\"sc_form_info_item sc_form_info_item_email\">\n                            <span class=\"sc_form_info_icon icon-e-mail\"><\/span>\n                            <h6 class=\"sc_form_info_title\">Notre courrier<\/h6>\n\t\t\t\t\t\t\t<span class=\"sc_form_info_data\"><a href=\"mailto:in&#102;&#111;&#64;bo&#107;a&#115;tr&#97;ns&#102;&#101;&#114;.&#99;z\">&#105;n&#102;o&#64;&#98;&#111;k&#97;str&#97;&#110;sf&#101;r&#46;&#99;z<\/a><\/span>\n                        <\/div>\n                        <\/div><\/div>\n            <\/div>\n        <\/div><!-- \/.sc_form_info -->\n\n            <\/form>\n\n<\/div><!-- \/.sc_form -->\n[\/vc_column][\/vc_row][vc_row full_width=\u00a0\u00bbstretch_row\u00a0\u00bb css=\u00a0\u00bb.vc_custom_1477994294013{background-color: #f7f7f7 !important;}\u00a0\u00bb][vc_column][vc_empty_space alter_height=\u00a0\u00bblarge\u00a0\u00bb hide_on_mobile=\u00a0\u00bb\u00a0\u00bb]\n<div class=\"wpcf7 no-js\" id=\"wpcf7-f2242-o1\" lang=\"en-US\" dir=\"ltr\" data-wpcf7-id=\"2242\">\n<div class=\"screen-reader-response\"><p role=\"status\" aria-live=\"polite\" aria-atomic=\"true\"><\/p> <ul><\/ul><\/div>\n<form action=\"\/fr\/wp-json\/wp\/v2\/pages\/2315#wpcf7-f2242-o1\" method=\"post\" class=\"wpcf7-form init\" aria-label=\"Contact form\" novalidate=\"novalidate\" data-status=\"init\">\n<fieldset class=\"hidden-fields-container\"><input type=\"hidden\" name=\"_wpcf7\" value=\"2242\" \/><input type=\"hidden\" name=\"_wpcf7_version\" value=\"6.1.5\" \/><input type=\"hidden\" name=\"_wpcf7_locale\" value=\"en_US\" \/><input type=\"hidden\" name=\"_wpcf7_unit_tag\" value=\"wpcf7-f2242-o1\" \/><input type=\"hidden\" name=\"_wpcf7_container_post\" value=\"0\" \/><input type=\"hidden\" name=\"_wpcf7_posted_data_hash\" value=\"\" \/>\n<\/fieldset>\n<div class=\"columns_wrap\">\n\t<div class=\"column-1_3\">\n\t\t<p><span class=\"wpcf7-form-control-wrap\" data-name=\"your-name\"><input size=\"40\" maxlength=\"400\" class=\"wpcf7-form-control wpcf7-text wpcf7-validates-as-required\" aria-required=\"true\" aria-invalid=\"false\" placeholder=\"Votre nom\" value=\"\" type=\"text\" name=\"your-name\" \/><\/span><span class=\"wpcf7-form-control-wrap\" data-name=\"your-phone\"><input size=\"40\" maxlength=\"400\" class=\"wpcf7-form-control wpcf7-tel wpcf7-validates-as-required wpcf7-text wpcf7-validates-as-tel\" aria-required=\"true\" aria-invalid=\"false\" placeholder=\"Votre t\u00e9l\u00e9phone\" value=\"\" type=\"tel\" name=\"your-phone\" \/><\/span>\n\t\t<\/p>\n\t<\/div>\n\t<div class=\"column-1_3\">\n\t\t<p><span class=\"wpcf7-form-control-wrap\" data-name=\"your-email\"><input size=\"40\" maxlength=\"400\" class=\"wpcf7-form-control wpcf7-email wpcf7-validates-as-required wpcf7-text wpcf7-validates-as-email\" aria-required=\"true\" aria-invalid=\"false\" placeholder=\"Votre e-mail\" value=\"\" type=\"email\" name=\"your-email\" \/><\/span><span class=\"wpcf7-form-control-wrap\" data-name=\"your-city\"><input size=\"40\" maxlength=\"400\" class=\"wpcf7-form-control wpcf7-text wpcf7-validates-as-required\" aria-required=\"true\" aria-invalid=\"false\" placeholder=\"Votre ville\" value=\"\" type=\"text\" name=\"your-city\" \/><\/span>\n\t\t<\/p>\n\t<\/div>\n\t<div class=\"column-1_3\">\n\t\t<p><span class=\"wpcf7-form-control-wrap\" data-name=\"your-message\"><textarea cols=\"40\" rows=\"10\" maxlength=\"2000\" class=\"wpcf7-form-control wpcf7-textarea wpcf7-validates-as-required\" aria-required=\"true\" aria-invalid=\"false\" placeholder=\"Votre question\" name=\"your-message\"><\/textarea><\/span>\n\t\t<\/p>\n\t<\/div>\n<\/div>\n<div class=\"contact-form-acceptance aligncenter\">\n\t<p><span class=\"wpcf7-form-control-wrap\" data-name=\"acceptance-80\"><span class=\"wpcf7-form-control wpcf7-acceptance\"><span class=\"wpcf7-list-item\"><label><input type=\"checkbox\" name=\"acceptance-80\" value=\"1\" aria-invalid=\"false\" \/><span class=\"wpcf7-list-item-label\">J'accepte que les donn\u00e9es que j'ai fournies soient collect\u00e9es et conserv\u00e9es.<\/span><\/label><\/span><\/span><\/span>\n\t<\/p>\n<\/div>\n<div class=\"form-button\">\n\t<p><input class=\"wpcf7-form-control wpcf7-submit has-spinner\" type=\"submit\" value=\"Envoyer une demande\" \/>\n\t<\/p>\n<\/div><div class=\"wpcf7-response-output\" aria-hidden=\"true\"><\/div>\n<\/form>\n<\/div>\n[vc_empty_space alter_height=\u00a0\u00bblarge\u00a0\u00bb hide_on_mobile=\u00a0\u00bb\u00a0\u00bb][\/vc_column][\/vc_row][vc_row full_width=\u00a0\u00bbstretch_row_content_no_spaces\u00a0\u00bb][vc_column]<div id=\"sc_googlemap_1282169150_wrap\" class=\"sc_googlemap_wrap\"><div id=\"sc_googlemap_1282169150\"\n\t\t\tclass=\"sc_googlemap sc_googlemap_default\"\n\t\t\t style=\"width:100%;height:569px;\"\t\t\tdata-zoom=\"13\"\n\t\t\tdata-style=\"greyscale\"\n\n\t\t><iframe\n\t\t\t\tsrc=\"https:\/\/maps.google.com\/maps?t=m&output=embed&iwloc=near&z=13&q=50.0715292,14.4495951\"\n\t\t\t\tscrolling=\"no\"\n\t\t\t\tmarginheight=\"0\"\n\t\t\t\tmarginwidth=\"0\"\n\t\t\t\tframeborder=\"0\"\n\t\t\t\taria-label=\"\"><\/iframe><\/div><\/div><!-- \/.sc_googlemap_wrap -->[\/vc_column][\/vc_row]<\/p>\n<\/div>","protected":false},"excerpt":{"rendered":"<p>[vc_row css=\u00a0\u00bb.vc_custom_1777371525357{padding-top: 120px !important;}\u00a0\u00bb][vc_column width=\u00a0\u00bb1\/6&Prime;][\/vc_column][vc_column width=\u00a0\u00bb2\/3&Prime;][vc_empty_space alter_height=\u00a0\u00bbhuge\u00a0\u00bb hide_on_mobile=\u00a0\u00bb\u00a0\u00bb][vc_empty_space alter_height=\u00a0\u00bblarge\u00a0\u00bb hide_on_mobile=\u00a0\u00bb\u00a0\u00bb][\/vc_column][vc_column width=\u00a0\u00bb1\/6&Prime;][\/vc_column][\/vc_row][vc_row][vc_column][\/vc_column][\/vc_row][vc_row full_width=\u00a0\u00bbstretch_row\u00a0\u00bb css=\u00a0\u00bb.vc_custom_1477994294013{background-color: #f7f7f7 !important;}\u00a0\u00bb][vc_column][vc_empty_space alter_height=\u00a0\u00bblarge\u00a0\u00bb hide_on_mobile=\u00a0\u00bb\u00a0\u00bb][vc_empty_space alter_height=\u00a0\u00bblarge\u00a0\u00bb hide_on_mobile=\u00a0\u00bb\u00a0\u00bb][\/vc_column][\/vc_row][vc_row full_width=\u00a0\u00bbstretch_row_content_no_spaces\u00a0\u00bb][vc_column][\/vc_column][\/vc_row]<\/p>\n","protected":false},"author":1,"featured_media":0,"parent":0,"menu_order":0,"comment_status":"closed","ping_status":"closed","template":"","meta":{"footnotes":""},"class_list":["post-2315","page","type-page","status-publish","hentry"],"yoast_head":"<!-- This site is optimized with the Yoast SEO plugin v27.4 - https:\/\/yoast.com\/product\/yoast-seo-wordpress\/ -->\n<title>Contacts - Bokastransfer<\/title>\n<meta name=\"robots\" content=\"index, follow, max-snippet:-1, max-image-preview:large, max-video-preview:-1\" \/>\n<link rel=\"canonical\" href=\"https:\/\/bokas.nodex.be\/fr\/contacts\/\" \/>\n<meta property=\"og:locale\" content=\"fr_FR\" \/>\n<meta property=\"og:type\" content=\"article\" \/>\n<meta property=\"og:title\" content=\"Contacts - Bokastransfer\" \/>\n<meta property=\"og:description\" content=\"[vc_row css=\u00a0\u00bb.vc_custom_1777371525357{padding-top: 120px !important;}\u00a0\u00bb][vc_column width=\u00a0\u00bb1\/6&Prime;][\/vc_column][vc_column width=\u00a0\u00bb2\/3&Prime;][vc_empty_space alter_height=\u00a0\u00bbhuge\u00a0\u00bb hide_on_mobile=\u00a0\u00bb\u00a0\u00bb][vc_empty_space alter_height=\u00a0\u00bblarge\u00a0\u00bb hide_on_mobile=\u00a0\u00bb\u00a0\u00bb][\/vc_column][vc_column width=\u00a0\u00bb1\/6&Prime;][\/vc_column][\/vc_row][vc_row][vc_column][\/vc_column][\/vc_row][vc_row full_width=\u00a0\u00bbstretch_row\u00a0\u00bb css=\u00a0\u00bb.vc_custom_1477994294013{background-color: #f7f7f7 !important;}\u00a0\u00bb][vc_column][vc_empty_space alter_height=\u00a0\u00bblarge\u00a0\u00bb hide_on_mobile=\u00a0\u00bb\u00a0\u00bb][vc_empty_space alter_height=\u00a0\u00bblarge\u00a0\u00bb hide_on_mobile=\u00a0\u00bb\u00a0\u00bb][\/vc_column][\/vc_row][vc_row full_width=\u00a0\u00bbstretch_row_content_no_spaces\u00a0\u00bb][vc_column][\/vc_column][\/vc_row]\" \/>\n<meta property=\"og:url\" content=\"https:\/\/bokas.nodex.be\/fr\/contacts\/\" \/>\n<meta property=\"og:site_name\" content=\"Bokastransfer\" \/>\n<meta property=\"article:modified_time\" content=\"2026-04-29T18:23:46+00:00\" \/>\n<meta name=\"twitter:card\" content=\"summary_large_image\" \/>\n<meta name=\"twitter:label1\" content=\"Dur\u00e9e de lecture estim\u00e9e\" \/>\n\t<meta name=\"twitter:data1\" content=\"1 minute\" \/>\n<script type=\"application\/ld+json\" class=\"yoast-schema-graph\">{\"@context\":\"https:\\\/\\\/schema.org\",\"@graph\":[{\"@type\":\"WebPage\",\"@id\":\"https:\\\/\\\/bokas.nodex.be\\\/fr\\\/contacts\\\/\",\"url\":\"https:\\\/\\\/bokas.nodex.be\\\/fr\\\/contacts\\\/\",\"name\":\"Contacts - Bokastransfer\",\"isPartOf\":{\"@id\":\"https:\\\/\\\/bokas.nodex.be\\\/fr\\\/#website\"},\"datePublished\":\"2016-10-21T09:14:08+00:00\",\"dateModified\":\"2026-04-29T18:23:46+00:00\",\"breadcrumb\":{\"@id\":\"https:\\\/\\\/bokas.nodex.be\\\/fr\\\/contacts\\\/#breadcrumb\"},\"inLanguage\":\"fr-FR\",\"potentialAction\":[{\"@type\":\"ReadAction\",\"target\":[\"https:\\\/\\\/bokas.nodex.be\\\/fr\\\/contacts\\\/\"]}]},{\"@type\":\"BreadcrumbList\",\"@id\":\"https:\\\/\\\/bokas.nodex.be\\\/fr\\\/contacts\\\/#breadcrumb\",\"itemListElement\":[{\"@type\":\"ListItem\",\"position\":1,\"name\":\"Home\",\"item\":\"https:\\\/\\\/bokas.nodex.be\\\/fr\\\/\"},{\"@type\":\"ListItem\",\"position\":2,\"name\":\"Contacts\"}]},{\"@type\":\"WebSite\",\"@id\":\"https:\\\/\\\/bokas.nodex.be\\\/fr\\\/#website\",\"url\":\"https:\\\/\\\/bokas.nodex.be\\\/fr\\\/\",\"name\":\"Bokastransfer\",\"description\":\"Taxi Service\",\"publisher\":{\"@id\":\"https:\\\/\\\/bokas.nodex.be\\\/fr\\\/#organization\"},\"potentialAction\":[{\"@type\":\"SearchAction\",\"target\":{\"@type\":\"EntryPoint\",\"urlTemplate\":\"https:\\\/\\\/bokas.nodex.be\\\/fr\\\/?s={search_term_string}\"},\"query-input\":{\"@type\":\"PropertyValueSpecification\",\"valueRequired\":true,\"valueName\":\"search_term_string\"}}],\"inLanguage\":\"fr-FR\"},{\"@type\":\"Organization\",\"@id\":\"https:\\\/\\\/bokas.nodex.be\\\/fr\\\/#organization\",\"name\":\"Bokastransfer\",\"url\":\"https:\\\/\\\/bokas.nodex.be\\\/fr\\\/\",\"logo\":{\"@type\":\"ImageObject\",\"inLanguage\":\"fr-FR\",\"@id\":\"https:\\\/\\\/bokas.nodex.be\\\/fr\\\/#\\\/schema\\\/logo\\\/image\\\/\",\"url\":\"https:\\\/\\\/bokas.nodex.be\\\/wp-content\\\/uploads\\\/2026\\\/04\\\/2-3.png\",\"contentUrl\":\"https:\\\/\\\/bokas.nodex.be\\\/wp-content\\\/uploads\\\/2026\\\/04\\\/2-3.png\",\"width\":2000,\"height\":2000,\"caption\":\"Bokastransfer\"},\"image\":{\"@id\":\"https:\\\/\\\/bokas.nodex.be\\\/fr\\\/#\\\/schema\\\/logo\\\/image\\\/\"}}]}<\/script>\n<!-- \/ Yoast SEO plugin. -->","yoast_head_json":{"title":"Contacts - Bokastransfer","robots":{"index":"index","follow":"follow","max-snippet":"max-snippet:-1","max-image-preview":"max-image-preview:large","max-video-preview":"max-video-preview:-1"},"canonical":"https:\/\/bokas.nodex.be\/fr\/contacts\/","og_locale":"fr_FR","og_type":"article","og_title":"Contacts - Bokastransfer","og_description":"[vc_row css=\u00a0\u00bb.vc_custom_1777371525357{padding-top: 120px !important;}\u00a0\u00bb][vc_column width=\u00a0\u00bb1\/6&Prime;][\/vc_column][vc_column width=\u00a0\u00bb2\/3&Prime;][vc_empty_space alter_height=\u00a0\u00bbhuge\u00a0\u00bb hide_on_mobile=\u00a0\u00bb\u00a0\u00bb][vc_empty_space alter_height=\u00a0\u00bblarge\u00a0\u00bb hide_on_mobile=\u00a0\u00bb\u00a0\u00bb][\/vc_column][vc_column width=\u00a0\u00bb1\/6&Prime;][\/vc_column][\/vc_row][vc_row][vc_column][\/vc_column][\/vc_row][vc_row full_width=\u00a0\u00bbstretch_row\u00a0\u00bb css=\u00a0\u00bb.vc_custom_1477994294013{background-color: #f7f7f7 !important;}\u00a0\u00bb][vc_column][vc_empty_space alter_height=\u00a0\u00bblarge\u00a0\u00bb hide_on_mobile=\u00a0\u00bb\u00a0\u00bb][vc_empty_space alter_height=\u00a0\u00bblarge\u00a0\u00bb hide_on_mobile=\u00a0\u00bb\u00a0\u00bb][\/vc_column][\/vc_row][vc_row full_width=\u00a0\u00bbstretch_row_content_no_spaces\u00a0\u00bb][vc_column][\/vc_column][\/vc_row]","og_url":"https:\/\/bokas.nodex.be\/fr\/contacts\/","og_site_name":"Bokastransfer","article_modified_time":"2026-04-29T18:23:46+00:00","twitter_card":"summary_large_image","twitter_misc":{"Dur\u00e9e de lecture estim\u00e9e":"1 minute"},"schema":{"@context":"https:\/\/schema.org","@graph":[{"@type":"WebPage","@id":"https:\/\/bokas.nodex.be\/fr\/contacts\/","url":"https:\/\/bokas.nodex.be\/fr\/contacts\/","name":"Contacts - Bokastransfer","isPartOf":{"@id":"https:\/\/bokas.nodex.be\/fr\/#website"},"datePublished":"2016-10-21T09:14:08+00:00","dateModified":"2026-04-29T18:23:46+00:00","breadcrumb":{"@id":"https:\/\/bokas.nodex.be\/fr\/contacts\/#breadcrumb"},"inLanguage":"fr-FR","potentialAction":[{"@type":"ReadAction","target":["https:\/\/bokas.nodex.be\/fr\/contacts\/"]}]},{"@type":"BreadcrumbList","@id":"https:\/\/bokas.nodex.be\/fr\/contacts\/#breadcrumb","itemListElement":[{"@type":"ListItem","position":1,"name":"Home","item":"https:\/\/bokas.nodex.be\/fr\/"},{"@type":"ListItem","position":2,"name":"Contacts"}]},{"@type":"WebSite","@id":"https:\/\/bokas.nodex.be\/fr\/#website","url":"https:\/\/bokas.nodex.be\/fr\/","name":"Bokastransfer","description":"Taxi Service","publisher":{"@id":"https:\/\/bokas.nodex.be\/fr\/#organization"},"potentialAction":[{"@type":"SearchAction","target":{"@type":"EntryPoint","urlTemplate":"https:\/\/bokas.nodex.be\/fr\/?s={search_term_string}"},"query-input":{"@type":"PropertyValueSpecification","valueRequired":true,"valueName":"search_term_string"}}],"inLanguage":"fr-FR"},{"@type":"Organization","@id":"https:\/\/bokas.nodex.be\/fr\/#organization","name":"Bokastransfer","url":"https:\/\/bokas.nodex.be\/fr\/","logo":{"@type":"ImageObject","inLanguage":"fr-FR","@id":"https:\/\/bokas.nodex.be\/fr\/#\/schema\/logo\/image\/","url":"https:\/\/bokas.nodex.be\/wp-content\/uploads\/2026\/04\/2-3.png","contentUrl":"https:\/\/bokas.nodex.be\/wp-content\/uploads\/2026\/04\/2-3.png","width":2000,"height":2000,"caption":"Bokastransfer"},"image":{"@id":"https:\/\/bokas.nodex.be\/fr\/#\/schema\/logo\/image\/"}}]}},"_links":{"self":[{"href":"https:\/\/bokas.nodex.be\/fr\/wp-json\/wp\/v2\/pages\/2315","targetHints":{"allow":["GET"]}}],"collection":[{"href":"https:\/\/bokas.nodex.be\/fr\/wp-json\/wp\/v2\/pages"}],"about":[{"href":"https:\/\/bokas.nodex.be\/fr\/wp-json\/wp\/v2\/types\/page"}],"author":[{"embeddable":true,"href":"https:\/\/bokas.nodex.be\/fr\/wp-json\/wp\/v2\/users\/1"}],"replies":[{"embeddable":true,"href":"https:\/\/bokas.nodex.be\/fr\/wp-json\/wp\/v2\/comments?post=2315"}],"version-history":[{"count":5,"href":"https:\/\/bokas.nodex.be\/fr\/wp-json\/wp\/v2\/pages\/2315\/revisions"}],"predecessor-version":[{"id":2321,"href":"https:\/\/bokas.nodex.be\/fr\/wp-json\/wp\/v2\/pages\/2315\/revisions\/2321"}],"wp:attachment":[{"href":"https:\/\/bokas.nodex.be\/fr\/wp-json\/wp\/v2\/media?parent=2315"}],"curies":[{"name":"wp","href":"https:\/\/api.w.org\/{rel}","templated":true}]}}